{"id":116,"date":"2024-08-01T15:25:23","date_gmt":"2024-08-01T13:25:23","guid":{"rendered":"https:\/\/www.dopharma-micronkit.com\/?page_id=116"},"modified":"2024-10-10T16:42:48","modified_gmt":"2024-10-10T14:42:48","slug":"online-bestellen","status":"publish","type":"page","link":"https:\/\/www.dopharma-micronkit.com\/nl\/online-bestellen\/","title":{"rendered":"Online bestellen"},"content":{"rendered":"<h1 style=\"text-align: center;\">Producten<\/h1>\n<div class=\"woocommerce columns-4 \"><div class=\"products row row-small large-columns-4 medium-columns-3 small-columns-2 equalize-box\">\n<div class=\"product-small col has-hover product type-product post-379 status-publish first instock product_cat-bestellen has-post-thumbnail shipping-taxable product-type-simple\">\n\t<div class=\"col-inner\">\n\t\n<div class=\"badge-container absolute left top z-1\">\n\n<\/div>\n\t<div class=\"product-small box \">\n\t\t<div class=\"box-image\">\n\t\t\t<div class=\"image-fade_in_back\">\n\t\t\t\t<a href=\"https:\/\/www.dopharma-micronkit.com\/nl\/product\/microcentrifugebuisjes-handcentrifuge\/\">\n\t\t\t\t\t<img loading=\"lazy\" decoding=\"async\" width=\"300\" height=\"300\" src=\"https:\/\/www.dopharma-micronkit.com\/wp-content\/uploads\/2024\/09\/MicronKit-tube_web-600x600-1-300x300.jpg\" class=\"attachment-woocommerce_thumbnail size-woocommerce_thumbnail\" alt=\"Microcentrifugebuisjes handcentrifuge\" srcset=\"https:\/\/www.dopharma-micronkit.com\/wp-content\/uploads\/2024\/09\/MicronKit-tube_web-600x600-1-300x300.jpg 300w, https:\/\/www.dopharma-micronkit.com\/wp-content\/uploads\/2024\/09\/MicronKit-tube_web-600x600-1-150x150.jpg 150w, https:\/\/www.dopharma-micronkit.com\/wp-content\/uploads\/2024\/09\/MicronKit-tube_web-600x600-1-100x100.jpg 100w, https:\/\/www.dopharma-micronkit.com\/wp-content\/uploads\/2024\/09\/MicronKit-tube_web-600x600-1.jpg 600w\" sizes=\"auto, (max-width: 300px) 100vw, 300px\" \/>\t\t\t\t<\/a>\n\t\t\t<\/div>\n\t\t\t<div class=\"image-tools is-small top right show-on-hover\">\n\t\t\t\t\t\t\t<\/div>\n\t\t\t<div class=\"image-tools is-small hide-for-small bottom left show-on-hover\">\n\t\t\t\t\t\t\t<\/div>\n\t\t\t<div class=\"image-tools grid-tools text-center hide-for-small bottom hover-slide-in show-on-hover\">\n\t\t\t\t\t\t\t<\/div>\n\t\t\t\t\t<\/div>\n\n\t\t<div class=\"box-text box-text-products flex-row align-top grid-style-3 flex-wrap\">\n\t\t\t<div class=\"title-wrapper\"><p class=\"name product-title woocommerce-loop-product__title\"><a href=\"https:\/\/www.dopharma-micronkit.com\/nl\/product\/microcentrifugebuisjes-handcentrifuge\/\" class=\"woocommerce-LoopProduct-link woocommerce-loop-product__link\">Microcentrifugebuisjes handcentrifuge<\/a><\/p><\/div><div class=\"price-wrapper\"><\/div>\t\t<\/div>\n\t<\/div>\n\t\t<\/div>\n<\/div><div class=\"product-small col has-hover product type-product post-106 status-publish instock product_cat-bestellen has-post-thumbnail shipping-taxable product-type-simple\">\n\t<div class=\"col-inner\">\n\t\n<div class=\"badge-container absolute left top z-1\">\n\n<\/div>\n\t<div class=\"product-small box \">\n\t\t<div class=\"box-image\">\n\t\t\t<div class=\"image-fade_in_back\">\n\t\t\t\t<a href=\"https:\/\/www.dopharma-micronkit.com\/nl\/product\/micron-kit\/\">\n\t\t\t\t\t<img loading=\"lazy\" decoding=\"async\" width=\"300\" height=\"300\" src=\"https:\/\/www.dopharma-micronkit.com\/wp-content\/uploads\/2024\/08\/Micron-Kit-Standing-with-App-scaled-1-300x300.jpg\" class=\"attachment-woocommerce_thumbnail size-woocommerce_thumbnail\" alt=\"Micron Kit\" srcset=\"https:\/\/www.dopharma-micronkit.com\/wp-content\/uploads\/2024\/08\/Micron-Kit-Standing-with-App-scaled-1-300x300.jpg 300w, https:\/\/www.dopharma-micronkit.com\/wp-content\/uploads\/2024\/08\/Micron-Kit-Standing-with-App-scaled-1-150x150.jpg 150w, https:\/\/www.dopharma-micronkit.com\/wp-content\/uploads\/2024\/08\/Micron-Kit-Standing-with-App-scaled-1-100x100.jpg 100w\" sizes=\"auto, (max-width: 300px) 100vw, 300px\" \/><img loading=\"lazy\" decoding=\"async\" width=\"300\" height=\"300\" src=\"https:\/\/www.dopharma-micronkit.com\/wp-content\/uploads\/2024\/08\/0010-Peli-open_web-300x300.png\" class=\"show-on-hover absolute fill hide-for-small back-image\" alt=\"Micron Kit - Open\" aria-hidden=\"true\" srcset=\"https:\/\/www.dopharma-micronkit.com\/wp-content\/uploads\/2024\/08\/0010-Peli-open_web-300x300.png 300w, https:\/\/www.dopharma-micronkit.com\/wp-content\/uploads\/2024\/08\/0010-Peli-open_web-150x150.png 150w, https:\/\/www.dopharma-micronkit.com\/wp-content\/uploads\/2024\/08\/0010-Peli-open_web-100x100.png 100w\" sizes=\"auto, (max-width: 300px) 100vw, 300px\" \/>\t\t\t\t<\/a>\n\t\t\t<\/div>\n\t\t\t<div class=\"image-tools is-small top right show-on-hover\">\n\t\t\t\t\t\t\t<\/div>\n\t\t\t<div class=\"image-tools is-small hide-for-small bottom left show-on-hover\">\n\t\t\t\t\t\t\t<\/div>\n\t\t\t<div class=\"image-tools grid-tools text-center hide-for-small bottom hover-slide-in show-on-hover\">\n\t\t\t\t\t\t\t<\/div>\n\t\t\t\t\t<\/div>\n\n\t\t<div class=\"box-text box-text-products flex-row align-top grid-style-3 flex-wrap\">\n\t\t\t<div class=\"title-wrapper\"><p class=\"name product-title woocommerce-loop-product__title\"><a href=\"https:\/\/www.dopharma-micronkit.com\/nl\/product\/micron-kit\/\" class=\"woocommerce-LoopProduct-link woocommerce-loop-product__link\">Micron Kit<\/a><\/p><\/div><div class=\"price-wrapper\"><\/div>\t\t<\/div>\n\t<\/div>\n\t\t<\/div>\n<\/div><div class=\"product-small col has-hover product type-product post-121 status-publish instock product_cat-bestellen has-post-thumbnail shipping-taxable product-type-simple\">\n\t<div class=\"col-inner\">\n\t\n<div class=\"badge-container absolute left top z-1\">\n\n<\/div>\n\t<div class=\"product-small box \">\n\t\t<div class=\"box-image\">\n\t\t\t<div class=\"image-fade_in_back\">\n\t\t\t\t<a href=\"https:\/\/www.dopharma-micronkit.com\/nl\/product\/micron-reader\/\">\n\t\t\t\t\t<img loading=\"lazy\" decoding=\"async\" width=\"300\" height=\"300\" src=\"https:\/\/www.dopharma-micronkit.com\/wp-content\/uploads\/2024\/08\/0001-Front-On_web-square-300x300.jpg\" class=\"attachment-woocommerce_thumbnail size-woocommerce_thumbnail\" alt=\"Micron Reader\" srcset=\"https:\/\/www.dopharma-micronkit.com\/wp-content\/uploads\/2024\/08\/0001-Front-On_web-square-300x300.jpg 300w, https:\/\/www.dopharma-micronkit.com\/wp-content\/uploads\/2024\/08\/0001-Front-On_web-square-150x150.jpg 150w, https:\/\/www.dopharma-micronkit.com\/wp-content\/uploads\/2024\/08\/0001-Front-On_web-square-768x768.jpg 768w, https:\/\/www.dopharma-micronkit.com\/wp-content\/uploads\/2024\/08\/0001-Front-On_web-square-12x12.jpg 12w, https:\/\/www.dopharma-micronkit.com\/wp-content\/uploads\/2024\/08\/0001-Front-On_web-square-600x600.jpg 600w, https:\/\/www.dopharma-micronkit.com\/wp-content\/uploads\/2024\/08\/0001-Front-On_web-square-100x100.jpg 100w, https:\/\/www.dopharma-micronkit.com\/wp-content\/uploads\/2024\/08\/0001-Front-On_web-square.jpg 1024w\" sizes=\"auto, (max-width: 300px) 100vw, 300px\" \/><img loading=\"lazy\" decoding=\"async\" width=\"300\" height=\"300\" src=\"https:\/\/www.dopharma-micronkit.com\/wp-content\/uploads\/2024\/08\/0006-Port-with-Slide-V2_web-300x300.png\" class=\"show-on-hover absolute fill hide-for-small back-image\" alt=\"Micron Kit - Incl. Slide\" aria-hidden=\"true\" srcset=\"https:\/\/www.dopharma-micronkit.com\/wp-content\/uploads\/2024\/08\/0006-Port-with-Slide-V2_web-300x300.png 300w, https:\/\/www.dopharma-micronkit.com\/wp-content\/uploads\/2024\/08\/0006-Port-with-Slide-V2_web-150x150.png 150w, https:\/\/www.dopharma-micronkit.com\/wp-content\/uploads\/2024\/08\/0006-Port-with-Slide-V2_web-100x100.png 100w\" sizes=\"auto, (max-width: 300px) 100vw, 300px\" \/>\t\t\t\t<\/a>\n\t\t\t<\/div>\n\t\t\t<div class=\"image-tools is-small top right show-on-hover\">\n\t\t\t\t\t\t\t<\/div>\n\t\t\t<div class=\"image-tools is-small hide-for-small bottom left show-on-hover\">\n\t\t\t\t\t\t\t<\/div>\n\t\t\t<div class=\"image-tools grid-tools text-center hide-for-small bottom hover-slide-in show-on-hover\">\n\t\t\t\t\t\t\t<\/div>\n\t\t\t\t\t<\/div>\n\n\t\t<div class=\"box-text box-text-products flex-row align-top grid-style-3 flex-wrap\">\n\t\t\t<div class=\"title-wrapper\"><p class=\"name product-title woocommerce-loop-product__title\"><a href=\"https:\/\/www.dopharma-micronkit.com\/nl\/product\/micron-reader\/\" class=\"woocommerce-LoopProduct-link woocommerce-loop-product__link\">Micron Reader<\/a><\/p><\/div><div class=\"price-wrapper\"><\/div>\t\t<\/div>\n\t<\/div>\n\t\t<\/div>\n<\/div><div class=\"product-small col has-hover product type-product post-378 status-publish last instock product_cat-bestellen has-post-thumbnail shipping-taxable product-type-simple\">\n\t<div class=\"col-inner\">\n\t\n<div class=\"badge-container absolute left top z-1\">\n\n<\/div>\n\t<div class=\"product-small box \">\n\t\t<div class=\"box-image\">\n\t\t\t<div class=\"image-fade_in_back\">\n\t\t\t\t<a href=\"https:\/\/www.dopharma-micronkit.com\/nl\/product\/worm-monsterpotjes\/\">\n\t\t\t\t\t<img loading=\"lazy\" decoding=\"async\" width=\"300\" height=\"300\" src=\"https:\/\/www.dopharma-micronkit.com\/wp-content\/uploads\/2024\/09\/MicronKit-sample-pots-2-web-600x600-1-300x300.jpg\" class=\"attachment-woocommerce_thumbnail size-woocommerce_thumbnail\" alt=\"Worm monsterpotjes\" srcset=\"https:\/\/www.dopharma-micronkit.com\/wp-content\/uploads\/2024\/09\/MicronKit-sample-pots-2-web-600x600-1-300x300.jpg 300w, https:\/\/www.dopharma-micronkit.com\/wp-content\/uploads\/2024\/09\/MicronKit-sample-pots-2-web-600x600-1-150x150.jpg 150w, https:\/\/www.dopharma-micronkit.com\/wp-content\/uploads\/2024\/09\/MicronKit-sample-pots-2-web-600x600-1-100x100.jpg 100w, https:\/\/www.dopharma-micronkit.com\/wp-content\/uploads\/2024\/09\/MicronKit-sample-pots-2-web-600x600-1.jpg 600w\" sizes=\"auto, (max-width: 300px) 100vw, 300px\" \/><img loading=\"lazy\" decoding=\"async\" width=\"300\" height=\"300\" src=\"https:\/\/www.dopharma-micronkit.com\/wp-content\/uploads\/2024\/09\/MicronKit3-pots-web-600x600-1-300x300.jpg\" class=\"show-on-hover absolute fill hide-for-small back-image\" alt=\"Alternative view of Worm monsterpotjes\" aria-hidden=\"true\" srcset=\"https:\/\/www.dopharma-micronkit.com\/wp-content\/uploads\/2024\/09\/MicronKit3-pots-web-600x600-1-300x300.jpg 300w, https:\/\/www.dopharma-micronkit.com\/wp-content\/uploads\/2024\/09\/MicronKit3-pots-web-600x600-1-150x150.jpg 150w, https:\/\/www.dopharma-micronkit.com\/wp-content\/uploads\/2024\/09\/MicronKit3-pots-web-600x600-1-100x100.jpg 100w, https:\/\/www.dopharma-micronkit.com\/wp-content\/uploads\/2024\/09\/MicronKit3-pots-web-600x600-1.jpg 600w\" sizes=\"auto, (max-width: 300px) 100vw, 300px\" \/>\t\t\t\t<\/a>\n\t\t\t<\/div>\n\t\t\t<div class=\"image-tools is-small top right show-on-hover\">\n\t\t\t\t\t\t\t<\/div>\n\t\t\t<div class=\"image-tools is-small hide-for-small bottom left show-on-hover\">\n\t\t\t\t\t\t\t<\/div>\n\t\t\t<div class=\"image-tools grid-tools text-center hide-for-small bottom hover-slide-in show-on-hover\">\n\t\t\t\t\t\t\t<\/div>\n\t\t\t\t\t<\/div>\n\n\t\t<div class=\"box-text box-text-products flex-row align-top grid-style-3 flex-wrap\">\n\t\t\t<div class=\"title-wrapper\"><p class=\"name product-title woocommerce-loop-product__title\"><a href=\"https:\/\/www.dopharma-micronkit.com\/nl\/product\/worm-monsterpotjes\/\" class=\"woocommerce-LoopProduct-link woocommerce-loop-product__link\">Worm monsterpotjes<\/a><\/p><\/div><div class=\"price-wrapper\"><\/div>\t\t<\/div>\n\t<\/div>\n\t\t<\/div>\n<\/div><\/div><!-- row -->\n<\/div>\n\n\t<section class=\"section\" id=\"section_1953882615\">\n\t\t<div class=\"section-bg fill\" >\n\t\t\t\t\t\t\t\t\t\n\t\t\t\n\n\t\t<\/div>\n\n\t\t\n\n\t\t<div class=\"section-content relative\">\n\t\t\t\n<div class=\"row\"  id=\"row-640998789\">\n\n\t<div id=\"col-84299120\" class=\"col medium-6 small-12 large-6\"  >\n\t\t\t\t<div class=\"col-inner\"  >\n\t\t\t\n\t\t\t\n<p><strong>De Micron Kit Startpakket Worm bevat:<\/strong><\/p>\n<ul>\n<li>Micron Kit Lezer<\/li>\n<li>Telkamer<\/li>\n<li>Manuele centrifuge<\/li>\n<li>Microcentrifugeerbuisjes<\/li>\n<li>Pipet<\/li>\n<li>Spuiten<\/li>\n<\/ul>\n\t\t<\/div>\n\t\t\t\t\t<\/div>\n\n\t\n\n\t<div id=\"col-741502747\" class=\"col medium-6 small-12 large-6\"  >\n\t\t\t\t<div class=\"col-inner\"  >\n\t\t\t\n\t\t\t\n<ul>\n<li>Monsterpotjes<\/li>\n<li>Spatel<\/li>\n<li>Flotatieoplossing<\/li>\n<li>Gebruikershandleiding<\/li>\n<\/ul>\n<p>Voor onderzoek op pens- en leverbot is een aanvullingsset beschikbaar.<\/p>\n<p>Ook kunt u kiezen voor een combinatie-startpakket.<\/p>\n\t\t<\/div>\n\t\t\t\t\t<\/div>\n\n\t\n<\/div>\n<div class=\"row\"  id=\"row-1706794922\">\n\n\t<div id=\"col-1019270210\" class=\"col small-12 large-12\"  >\n\t\t\t\t<div class=\"col-inner\"  >\n\t\t\t\n\t\t\t\n<h2 style=\"text-align: center;\">Online bestellen<\/h2>\n<p>U kunt de Micron Kit en gebruiksmaterialen ter vervanging of aanvulling bestellen via onze reguliere website: <a href=\"http:\/\/www.dopharma.nl\/producten\">www.dopharma.nl<\/a> en <a href=\"http:\/\/www.dopharma.be\">www.dopharma.be<\/a>. Zo blijven alle online bestellingen voor uw gemak binnen \u00e9\u00e9n account en op \u00e9\u00e9n plaats. Hier laten we al wel graag zien wat u kunt bestellen.<\/p>\n\t\t<\/div>\n\t\t\t\t\t<\/div>\n\n\t\n<\/div>\n\t\t<\/div>\n\n\t\t\n<style>\n#section_1953882615 {\n  padding-top: 30px;\n  padding-bottom: 30px;\n}\n<\/style>\n\t<\/section>\n\t\n","protected":false},"excerpt":{"rendered":"<p>Producten<\/p>\n","protected":false},"author":1,"featured_media":0,"parent":0,"menu_order":0,"comment_status":"closed","ping_status":"closed","template":"page-blank.php","meta":{"footnotes":""},"class_list":["post-116","page","type-page","status-publish","hentry"],"yoast_head":"<!-- This site is optimized with the Yoast SEO plugin v27.3 - https:\/\/yoast.com\/product\/yoast-seo-wordpress\/ -->\n<title>Online bestellen - Dopharma Micron Kit<\/title>\n<meta name=\"robots\" content=\"index, follow, max-snippet:-1, max-image-preview:large, max-video-preview:-1\" \/>\n<link rel=\"canonical\" href=\"https:\/\/www.dopharma-micronkit.com\/nl\/online-bestellen\/\" \/>\n<meta property=\"og:locale\" content=\"nl_NL\" \/>\n<meta property=\"og:type\" content=\"article\" \/>\n<meta property=\"og:title\" content=\"Online bestellen - Dopharma Micron Kit\" \/>\n<meta property=\"og:description\" content=\"Producten\" \/>\n<meta property=\"og:url\" content=\"https:\/\/www.dopharma-micronkit.com\/nl\/online-bestellen\/\" \/>\n<meta property=\"og:site_name\" content=\"Dopharma Micron Kit\" \/>\n<meta property=\"article:modified_time\" content=\"2024-10-10T14:42:48+00:00\" \/>\n<meta name=\"twitter:card\" content=\"summary_large_image\" \/>\n<meta name=\"twitter:label1\" content=\"Geschatte leestijd\" \/>\n\t<meta name=\"twitter:data1\" content=\"1 minuut\" \/>\n<script type=\"application\/ld+json\" class=\"yoast-schema-graph\">{\"@context\":\"https:\\\/\\\/schema.org\",\"@graph\":[{\"@type\":\"WebPage\",\"@id\":\"https:\\\/\\\/www.dopharma-micronkit.com\\\/en\\\/online-bestellen\\\/\",\"url\":\"https:\\\/\\\/www.dopharma-micronkit.com\\\/en\\\/online-bestellen\\\/\",\"name\":\"Online bestellen - Dopharma Micron Kit\",\"isPartOf\":{\"@id\":\"https:\\\/\\\/www.dopharma-micronkit.com\\\/en\\\/#website\"},\"datePublished\":\"2024-08-01T13:25:23+00:00\",\"dateModified\":\"2024-10-10T14:42:48+00:00\",\"breadcrumb\":{\"@id\":\"https:\\\/\\\/www.dopharma-micronkit.com\\\/en\\\/online-bestellen\\\/#breadcrumb\"},\"inLanguage\":\"nl-NL\",\"potentialAction\":[{\"@type\":\"ReadAction\",\"target\":[\"https:\\\/\\\/www.dopharma-micronkit.com\\\/en\\\/online-bestellen\\\/\"]}]},{\"@type\":\"BreadcrumbList\",\"@id\":\"https:\\\/\\\/www.dopharma-micronkit.com\\\/en\\\/online-bestellen\\\/#breadcrumb\",\"itemListElement\":[{\"@type\":\"ListItem\",\"position\":1,\"name\":\"Home\",\"item\":\"https:\\\/\\\/www.dopharma-micronkit.com\\\/\"},{\"@type\":\"ListItem\",\"position\":2,\"name\":\"Online bestellen\"}]},{\"@type\":\"WebSite\",\"@id\":\"https:\\\/\\\/www.dopharma-micronkit.com\\\/en\\\/#website\",\"url\":\"https:\\\/\\\/www.dopharma-micronkit.com\\\/en\\\/\",\"name\":\"Dopharma Micron Kit\",\"description\":\"\",\"publisher\":{\"@id\":\"https:\\\/\\\/www.dopharma-micronkit.com\\\/en\\\/#organization\"},\"alternateName\":\"Micron Kit\",\"potentialAction\":[{\"@type\":\"SearchAction\",\"target\":{\"@type\":\"EntryPoint\",\"urlTemplate\":\"https:\\\/\\\/www.dopharma-micronkit.com\\\/en\\\/?s={search_term_string}\"},\"query-input\":{\"@type\":\"PropertyValueSpecification\",\"valueRequired\":true,\"valueName\":\"search_term_string\"}}],\"inLanguage\":\"nl-NL\"},{\"@type\":\"Organization\",\"@id\":\"https:\\\/\\\/www.dopharma-micronkit.com\\\/en\\\/#organization\",\"name\":\"Dopharma Micron Kit\",\"url\":\"https:\\\/\\\/www.dopharma-micronkit.com\\\/en\\\/\",\"logo\":{\"@type\":\"ImageObject\",\"inLanguage\":\"nl-NL\",\"@id\":\"https:\\\/\\\/www.dopharma-micronkit.com\\\/en\\\/#\\\/schema\\\/logo\\\/image\\\/\",\"url\":\"https:\\\/\\\/www.dopharma-micronkit.com\\\/wp-content\\\/uploads\\\/2024\\\/08\\\/Dopharma-logo_hor_black_800x600px.png\",\"contentUrl\":\"https:\\\/\\\/www.dopharma-micronkit.com\\\/wp-content\\\/uploads\\\/2024\\\/08\\\/Dopharma-logo_hor_black_800x600px.png\",\"width\":800,\"height\":600,\"caption\":\"Dopharma Micron Kit\"},\"image\":{\"@id\":\"https:\\\/\\\/www.dopharma-micronkit.com\\\/en\\\/#\\\/schema\\\/logo\\\/image\\\/\"}}]}<\/script>\n<!-- \/ Yoast SEO plugin. -->","yoast_head_json":{"title":"Online bestellen - Dopharma Micron Kit","robots":{"index":"index","follow":"follow","max-snippet":"max-snippet:-1","max-image-preview":"max-image-preview:large","max-video-preview":"max-video-preview:-1"},"canonical":"https:\/\/www.dopharma-micronkit.com\/nl\/online-bestellen\/","og_locale":"nl_NL","og_type":"article","og_title":"Online bestellen - Dopharma Micron Kit","og_description":"Producten","og_url":"https:\/\/www.dopharma-micronkit.com\/nl\/online-bestellen\/","og_site_name":"Dopharma Micron Kit","article_modified_time":"2024-10-10T14:42:48+00:00","twitter_card":"summary_large_image","twitter_misc":{"Geschatte leestijd":"1 minuut"},"schema":{"@context":"https:\/\/schema.org","@graph":[{"@type":"WebPage","@id":"https:\/\/www.dopharma-micronkit.com\/en\/online-bestellen\/","url":"https:\/\/www.dopharma-micronkit.com\/en\/online-bestellen\/","name":"Online bestellen - Dopharma Micron Kit","isPartOf":{"@id":"https:\/\/www.dopharma-micronkit.com\/en\/#website"},"datePublished":"2024-08-01T13:25:23+00:00","dateModified":"2024-10-10T14:42:48+00:00","breadcrumb":{"@id":"https:\/\/www.dopharma-micronkit.com\/en\/online-bestellen\/#breadcrumb"},"inLanguage":"nl-NL","potentialAction":[{"@type":"ReadAction","target":["https:\/\/www.dopharma-micronkit.com\/en\/online-bestellen\/"]}]},{"@type":"BreadcrumbList","@id":"https:\/\/www.dopharma-micronkit.com\/en\/online-bestellen\/#breadcrumb","itemListElement":[{"@type":"ListItem","position":1,"name":"Home","item":"https:\/\/www.dopharma-micronkit.com\/"},{"@type":"ListItem","position":2,"name":"Online bestellen"}]},{"@type":"WebSite","@id":"https:\/\/www.dopharma-micronkit.com\/en\/#website","url":"https:\/\/www.dopharma-micronkit.com\/en\/","name":"Dopharma Micron Kit","description":"","publisher":{"@id":"https:\/\/www.dopharma-micronkit.com\/en\/#organization"},"alternateName":"Micron Kit","potentialAction":[{"@type":"SearchAction","target":{"@type":"EntryPoint","urlTemplate":"https:\/\/www.dopharma-micronkit.com\/en\/?s={search_term_string}"},"query-input":{"@type":"PropertyValueSpecification","valueRequired":true,"valueName":"search_term_string"}}],"inLanguage":"nl-NL"},{"@type":"Organization","@id":"https:\/\/www.dopharma-micronkit.com\/en\/#organization","name":"Dopharma Micron Kit","url":"https:\/\/www.dopharma-micronkit.com\/en\/","logo":{"@type":"ImageObject","inLanguage":"nl-NL","@id":"https:\/\/www.dopharma-micronkit.com\/en\/#\/schema\/logo\/image\/","url":"https:\/\/www.dopharma-micronkit.com\/wp-content\/uploads\/2024\/08\/Dopharma-logo_hor_black_800x600px.png","contentUrl":"https:\/\/www.dopharma-micronkit.com\/wp-content\/uploads\/2024\/08\/Dopharma-logo_hor_black_800x600px.png","width":800,"height":600,"caption":"Dopharma Micron Kit"},"image":{"@id":"https:\/\/www.dopharma-micronkit.com\/en\/#\/schema\/logo\/image\/"}}]}},"_links":{"self":[{"href":"https:\/\/www.dopharma-micronkit.com\/nl\/wp-json\/wp\/v2\/pages\/116","targetHints":{"allow":["GET"]}}],"collection":[{"href":"https:\/\/www.dopharma-micronkit.com\/nl\/wp-json\/wp\/v2\/pages"}],"about":[{"href":"https:\/\/www.dopharma-micronkit.com\/nl\/wp-json\/wp\/v2\/types\/page"}],"author":[{"embeddable":true,"href":"https:\/\/www.dopharma-micronkit.com\/nl\/wp-json\/wp\/v2\/users\/1"}],"replies":[{"embeddable":true,"href":"https:\/\/www.dopharma-micronkit.com\/nl\/wp-json\/wp\/v2\/comments?post=116"}],"version-history":[{"count":27,"href":"https:\/\/www.dopharma-micronkit.com\/nl\/wp-json\/wp\/v2\/pages\/116\/revisions"}],"predecessor-version":[{"id":597,"href":"https:\/\/www.dopharma-micronkit.com\/nl\/wp-json\/wp\/v2\/pages\/116\/revisions\/597"}],"wp:attachment":[{"href":"https:\/\/www.dopharma-micronkit.com\/nl\/wp-json\/wp\/v2\/media?parent=116"}],"curies":[{"name":"wp","href":"https:\/\/api.w.org\/{rel}","templated":true}]}}