{"id":33,"date":"2024-08-01T14:08:01","date_gmt":"2024-08-01T12:08:01","guid":{"rendered":"https:\/\/www.dopharma-micronkit.com\/?page_id=33"},"modified":"2024-09-23T12:34:47","modified_gmt":"2024-09-23T10:34:47","slug":"over-ons","status":"publish","type":"page","link":"https:\/\/www.dopharma-micronkit.com\/fr\/over-ons\/","title":{"rendered":"\u00c0 propos de nous"},"content":{"rendered":"<section class=\"section\" id=\"section_487939357\">\n\t\t<div class=\"section-bg fill\" >\n\t\t\t\t\t\t\t\t\t\n\t\t\t\n\n\t\t<\/div>\n\n\t\t\n\n\t\t<div class=\"section-content relative\">\n\t\t\t\n<div class=\"row align-middle\"  id=\"row-1592498683\">\n\n\t<div id=\"col-648159996\" class=\"col medium-6 small-12 large-6\"  >\n\t\t\t\t<div class=\"col-inner\"  >\n\t\t\t\n\t\t\t\n<h1>\u00c0 propos de <span style=\"color: #2dbda5;\">Dopharma<\/span>.<\/h1>\n<p>Dopharma est une entreprise familiale n\u00e9erlandaise. Nous fabriquons et fournissons des produits pharmaceutiques v\u00e9t\u00e9rinaires pour les animaux d\u2019\u00e9levage depuis 1969. D\u2019une entreprise individuelle, Dopharma est devenu un groupe international.<\/p>\n<p>En dehors des Pays-Bas, les produits Dopharma sont commercialis\u00e9s via des filiales europ\u00e9ennes et des distributeurs. Dopharma est repr\u00e9sent\u00e9e dans 80 pays \u00e0 travers le monde.<\/p>\n<p><a href=\"https:\/\/www.dopharma.com\" target=\"_blank\" rel=\"noopener\">https:\/\/www.dopharma.com<\/a><\/p>\n\t\t<\/div>\n\t\t\t\t\t<\/div>\n\n\t\n\n\t<div id=\"col-483527578\" class=\"col medium-6 small-12 large-6 small-col-first\"  >\n\t\t\t\t<div class=\"col-inner text-center\"  >\n\t\t\t\n\t\t\t\n\t<div class=\"img has-hover x md-x lg-x y md-y lg-y\" id=\"image_1710616447\">\n\t\t\t\t\t\t\t\t<div class=\"img-inner dark\" >\n\t\t\t<img loading=\"lazy\" decoding=\"async\" width=\"800\" height=\"600\" src=\"https:\/\/www.dopharma-micronkit.com\/wp-content\/uploads\/2024\/08\/Dopharma-logo_hor_black_800x600px.png\" class=\"attachment-large size-large\" alt=\"\" srcset=\"https:\/\/www.dopharma-micronkit.com\/wp-content\/uploads\/2024\/08\/Dopharma-logo_hor_black_800x600px.png 800w, https:\/\/www.dopharma-micronkit.com\/wp-content\/uploads\/2024\/08\/Dopharma-logo_hor_black_800x600px-300x225.png 300w, https:\/\/www.dopharma-micronkit.com\/wp-content\/uploads\/2024\/08\/Dopharma-logo_hor_black_800x600px-768x576.png 768w, https:\/\/www.dopharma-micronkit.com\/wp-content\/uploads\/2024\/08\/Dopharma-logo_hor_black_800x600px-600x450.png 600w\" sizes=\"auto, (max-width: 800px) 100vw, 800px\" \/>\t\t\t\t\t\t\n\t\t\t\t\t<\/div>\n\t\t\t\t\t\t\t\t\n<style>\n#image_1710616447 {\n  width: 100%;\n}\n<\/style>\n\t<\/div>\n\t\n\t\t<\/div>\n\t\t\t\t\t<\/div>\n\n\t\n<\/div>\n<div class=\"row align-middle\"  id=\"row-840156893\">\n\n\t<div id=\"col-662441973\" class=\"col medium-6 small-12 large-6\"  >\n\t\t\t\t<div class=\"col-inner text-center\"  >\n\t\t\t\n\t\t\t\n\t<div class=\"img has-hover x md-x lg-x y md-y lg-y\" id=\"image_901608122\">\n\t\t\t\t\t\t\t\t<div class=\"img-inner image-cover dark\" style=\"padding-top:56.25%;\">\n\t\t\t<img loading=\"lazy\" decoding=\"async\" width=\"800\" height=\"545\" src=\"https:\/\/www.dopharma-micronkit.com\/wp-content\/uploads\/2024\/08\/logo-micron-agritech.png\" class=\"attachment-original size-original\" alt=\"\" srcset=\"https:\/\/www.dopharma-micronkit.com\/wp-content\/uploads\/2024\/08\/logo-micron-agritech.png 800w, https:\/\/www.dopharma-micronkit.com\/wp-content\/uploads\/2024\/08\/logo-micron-agritech-300x204.png 300w, https:\/\/www.dopharma-micronkit.com\/wp-content\/uploads\/2024\/08\/logo-micron-agritech-768x523.png 768w, https:\/\/www.dopharma-micronkit.com\/wp-content\/uploads\/2024\/08\/logo-micron-agritech-600x409.png 600w\" sizes=\"auto, (max-width: 800px) 100vw, 800px\" \/>\t\t\t\t\t\t\n\t\t\t\t\t<\/div>\n\t\t\t\t\t\t\t\t\n<style>\n#image_901608122 {\n  width: 67%;\n}\n<\/style>\n\t<\/div>\n\t\n\t\t<\/div>\n\t\t\t\t\t<\/div>\n\n\t\n\n\t<div id=\"col-1539248350\" class=\"col medium-6 small-12 large-6\"  >\n\t\t\t\t<div class=\"col-inner\"  >\n\t\t\t\n\t\t\t\n<h2>\u00c0 propos de <span style=\"color: #2dbda5;\">Micron Agritech<\/span>.<\/h2>\n<p>Micron Agritech est une start-up irlandaise multi-prim\u00e9e, sp\u00e9cialis\u00e9e dans les diagnostics rapides de terrain. L'ing\u00e9niosit\u00e9 et l'innovation sont au c\u0153ur de Micron Agritech. Son \u00e9quipe est compos\u00e9e de profils diverses \u00e0 l\u2019esprit ouvert. Leur vision est de contribuer \u00e0 un futur meilleur et plus durable. La transformation num\u00e9rique offre un potentiel immense pour le secteur animalier et Micron Agritech est \u00e0 l'avant-garde avec des technologies r\u00e9volutionnaires pour r\u00e9soudre certaines probl\u00e9matiques mondiales.<\/p>\n<p><a href=\"https:\/\/www.micronagritech.com\" target=\"_blank\" rel=\"noopener\">www.micronagritech.com<\/a><\/p>\n\t\t<\/div>\n\t\t\t\t\t<\/div>\n\n\t\n<\/div>\n\t\t<\/div>\n\n\t\t\n<style>\n#section_487939357 {\n  padding-top: 30px;\n  padding-bottom: 30px;\n}\n<\/style>\n\t<\/section>\n\t\n\n\t<section class=\"section\" id=\"section_1758665247\">\n\t\t<div class=\"section-bg fill\" >\n\t\t\t\t\t\t\t\t\t\n\t\t\t\n\n\t\t<\/div>\n\n\t\t\n\n\t\t<div class=\"section-content relative\">\n\t\t\t\n<div class=\"row align-middle\"  id=\"row-1430756799\">\n\n\t<div id=\"col-1146606212\" class=\"col medium-6 small-12 large-6\"  >\n\t\t\t\t<div class=\"col-inner\"  >\n\t\t\t\n\t\t\t\n<h2>\u00a0100% d\u00e9di\u00e9 \u00e0 <span style=\"color: #2dbda5;\">l\u2019\u00e9levage<\/span>&#8216;.<\/h2>\n<section class=\"av_textblock_section av-tm9fa-17c0338a208c70a1245f0ad334f67934\">\n<div class=\"avia_textblock\">\n<p>Dopharma est enti\u00e8rement d\u00e9di\u00e9 \u00e0 l'\u00e9levage et s'engage \u00e0 apporter une contribution significative \u00e0 \u00abl\u2019\u00e9levage de demain\u00bb.<em> \u2018veehouderij van morgen\u2019<\/em>.<\/p>\n<p>Notre mission est d'utiliser notre expertise pour am\u00e9liorer continuellement l'\u00e9levage. Nous nous concentrons sur la fourniture de solutions innovantes et de produits efficaces, de haute qualit\u00e9, s\u00fbrs pour les animaux, les humains et l'environnement.<\/p>\n<\/div>\n<\/section>\n<div class=\"avia-button-wrap av-sukl6-c80fcd5e9aa20a84ee1acd0a347bce18-wrap avia-button-left  avia-builder-el-12  el_after_av_textblock  el_before_av_button\">\u00a0<\/div>\n\t\t<\/div>\n\t\t\t\t\t<\/div>\n\n\t\n\n\t<div id=\"col-907643281\" class=\"col medium-6 small-12 large-6 small-col-first\"  >\n\t\t\t\t<div class=\"col-inner\"  >\n\t\t\t\n\t\t\t\n\n  <div class=\"banner has-hover has-video\" id=\"banner-1683693013\">\n          <div class=\"banner-inner fill\">\n        <div class=\"banner-bg fill\" >\n                        \t<div class=\"video-overlay no-click fill visible\"><\/div>\n\t<video class=\"video-bg fill visible\" preload playsinline autoplay muted loop>\n\t\t<source src=\"https:\/\/www.dopharma.nl\/wp-content\/uploads\/2022\/08\/Dopharma-video-korte-versie-550site-zonder-geluid.mp4\" type=\"video\/mp4\">\t<\/video>\n            <div class=\"overlay\"><\/div>            \n                    <\/div>\n\t\t\n        <div class=\"banner-layers container\">\n            <div class=\"fill banner-link\"><\/div>            \n   <div id=\"text-box-1393850589\" class=\"text-box banner-layer x50 md-x50 lg-x50 y50 md-y50 lg-y50 res-text\">\n                                <div class=\"text-box-content text dark\">\n              \n              <div class=\"text-inner text-center\">\n                  \n<div class=\"video-button-wrapper\" style=\"font-size:80%\"><a href=\"https:\/\/www.youtube.com\/watch?v=N-B3VSeryWY\" class=\"button open-video icon circle is-outline is-xlarge\" role=\"button\" aria-label=\"Open video in lightbox\" data-flatsome-role-button><i class=\"icon-play\" aria-hidden=\"true\" style=\"font-size:1.5em;\"><\/i><\/a><\/div>\n\t<div id=\"text-1299928010\" class=\"text\">\n\t\t\n<p>Voir notre vid\u00e9o d'entreprise compl\u00e8te<\/p>\n\t\t\n<style>\n#text-1299928010 {\n  font-size: 1rem;\n  line-height: 0.75;\n}\n<\/style>\n\t<\/div>\n\t\n              <\/div>\n           <\/div>\n                            \n<style>\n#text-box-1393850589 {\n  width: 90%;\n}\n#text-box-1393850589 .text-box-content {\n  font-size: 200%;\n}\n@media (min-width:550px) {\n  #text-box-1393850589 {\n    width: 60%;\n  }\n}\n<\/style>\n    <\/div>\n \n        <\/div>\n      <\/div>\n\n            \n<style>\n#banner-1683693013 {\n  padding-top: 56.25%;\n}\n#banner-1683693013 .overlay {\n  background-color: rgba(0, 0, 0, 0.3);\n}\n<\/style>\n  <\/div>\n\n\n\t\t<\/div>\n\t\t\t\t\t<\/div>\n\n\t\n<\/div>\n\t\t<\/div>\n\n\t\t\n<style>\n#section_1758665247 {\n  padding-top: 30px;\n  padding-bottom: 30px;\n  background-color: rgb(255, 255, 255);\n}\n<\/style>\n\t<\/section>\n\t\n\n\t<section class=\"section\" id=\"section_818362823\">\n\t\t<div class=\"section-bg fill\" >\n\t\t\t\t\t\t\t\t\t\n\t\t\t\n\n\t\t<\/div>\n\n\t\t\n\n\t\t<div class=\"section-content relative\">\n\t\t\t\r\n\r\n<div class=\"row align-middle\"  id=\"row-971490116\">\r\n\r\n\n\t<div id=\"col-1653891526\" class=\"col small-12 large-12\"  >\n\t\t\t\t<div class=\"col-inner text-center\"  >\n\t\t\t\n\t\t\t\r\n\r\n\t<div id=\"text-1705640055\" class=\"text\">\n\t\t\r\n\r\n<h2 style=\"text-align: center;\">D\u00e9buter avec le Micron Kit<\/h2>\r\n<p style=\"text-align: center;\">Le Micron Kit est une solution mobile et facile \u00e0 utiliser, aussi bien en laboratoire que sur le terrain.<\/p>\r\n\t\t\n<style>\n#text-1705640055 {\n  color: rgb(255, 255, 255);\n}\n#text-1705640055 > * {\n  color: rgb(255, 255, 255);\n}\n<\/style>\n\t<\/div>\n\t\r\n<a href=\"https:\/\/www.dopharma-micronkit.com\/fr\/online-bestellen\/\" class=\"button primary lowercase\" >\n\t\t<span>Commandez le kit<\/span>\n\t<\/a>\n\r\n\r\n\r\n\t\t<\/div>\n\t\t\t\t\n<style>\n#col-1653891526 > .col-inner {\n  padding: 50px 0px 20px 0px;\n}\n<\/style>\n\t<\/div>\n\n\t\r\n\r\n<\/div>\r\n\r\n\t\t<\/div>\n\n\t\t\n<style>\n#section_818362823 {\n  padding-top: 30px;\n  padding-bottom: 30px;\n  background-color: #00a395;\n}\n<\/style>\n\t<\/section>","protected":false},"excerpt":{"rendered":"","protected":false},"author":1,"featured_media":0,"parent":0,"menu_order":0,"comment_status":"closed","ping_status":"closed","template":"page-blank.php","meta":{"footnotes":""},"class_list":["post-33","page","type-page","status-publish","hentry"],"yoast_head":"<!-- This site is optimized with the Yoast SEO plugin v27.3 - https:\/\/yoast.com\/product\/yoast-seo-wordpress\/ -->\n<title>Over ons - Dopharma Micron Kit<\/title>\n<meta name=\"robots\" content=\"index, follow, max-snippet:-1, max-image-preview:large, max-video-preview:-1\" \/>\n<link rel=\"canonical\" href=\"https:\/\/www.dopharma-micronkit.com\/fr\/over-ons\/\" \/>\n<meta property=\"og:locale\" content=\"fr_FR\" \/>\n<meta property=\"og:type\" content=\"article\" \/>\n<meta property=\"og:title\" content=\"Over ons - Dopharma Micron Kit\" \/>\n<meta property=\"og:url\" content=\"https:\/\/www.dopharma-micronkit.com\/fr\/over-ons\/\" \/>\n<meta property=\"og:site_name\" content=\"Dopharma Micron Kit\" \/>\n<meta property=\"article:modified_time\" content=\"2024-09-23T10:34:47+00:00\" \/>\n<meta name=\"twitter:card\" content=\"summary_large_image\" \/>\n<meta name=\"twitter:label1\" content=\"Dur\u00e9e de lecture estim\u00e9e\" \/>\n\t<meta name=\"twitter:data1\" content=\"2 minutes\" \/>\n<script type=\"application\/ld+json\" class=\"yoast-schema-graph\">{\"@context\":\"https:\\\/\\\/schema.org\",\"@graph\":[{\"@type\":\"WebPage\",\"@id\":\"https:\\\/\\\/www.dopharma-micronkit.com\\\/fr\\\/over-ons\\\/\",\"url\":\"https:\\\/\\\/www.dopharma-micronkit.com\\\/fr\\\/over-ons\\\/\",\"name\":\"Over ons - Dopharma Micron Kit\",\"isPartOf\":{\"@id\":\"https:\\\/\\\/www.dopharma-micronkit.com\\\/en\\\/#website\"},\"datePublished\":\"2024-08-01T12:08:01+00:00\",\"dateModified\":\"2024-09-23T10:34:47+00:00\",\"breadcrumb\":{\"@id\":\"https:\\\/\\\/www.dopharma-micronkit.com\\\/fr\\\/over-ons\\\/#breadcrumb\"},\"inLanguage\":\"fr-FR\",\"potentialAction\":[{\"@type\":\"ReadAction\",\"target\":[\"https:\\\/\\\/www.dopharma-micronkit.com\\\/fr\\\/over-ons\\\/\"]}]},{\"@type\":\"BreadcrumbList\",\"@id\":\"https:\\\/\\\/www.dopharma-micronkit.com\\\/fr\\\/over-ons\\\/#breadcrumb\",\"itemListElement\":[{\"@type\":\"ListItem\",\"position\":1,\"name\":\"Home\",\"item\":\"https:\\\/\\\/www.dopharma-micronkit.com\\\/\"},{\"@type\":\"ListItem\",\"position\":2,\"name\":\"Over ons\"}]},{\"@type\":\"WebSite\",\"@id\":\"https:\\\/\\\/www.dopharma-micronkit.com\\\/en\\\/#website\",\"url\":\"https:\\\/\\\/www.dopharma-micronkit.com\\\/en\\\/\",\"name\":\"Dopharma Micron Kit\",\"description\":\"\",\"publisher\":{\"@id\":\"https:\\\/\\\/www.dopharma-micronkit.com\\\/en\\\/#organization\"},\"alternateName\":\"Micron Kit\",\"potentialAction\":[{\"@type\":\"SearchAction\",\"target\":{\"@type\":\"EntryPoint\",\"urlTemplate\":\"https:\\\/\\\/www.dopharma-micronkit.com\\\/en\\\/?s={search_term_string}\"},\"query-input\":{\"@type\":\"PropertyValueSpecification\",\"valueRequired\":true,\"valueName\":\"search_term_string\"}}],\"inLanguage\":\"fr-FR\"},{\"@type\":\"Organization\",\"@id\":\"https:\\\/\\\/www.dopharma-micronkit.com\\\/en\\\/#organization\",\"name\":\"Dopharma Micron Kit\",\"url\":\"https:\\\/\\\/www.dopharma-micronkit.com\\\/en\\\/\",\"logo\":{\"@type\":\"ImageObject\",\"inLanguage\":\"fr-FR\",\"@id\":\"https:\\\/\\\/www.dopharma-micronkit.com\\\/en\\\/#\\\/schema\\\/logo\\\/image\\\/\",\"url\":\"https:\\\/\\\/www.dopharma-micronkit.com\\\/wp-content\\\/uploads\\\/2024\\\/08\\\/Dopharma-logo_hor_black_800x600px.png\",\"contentUrl\":\"https:\\\/\\\/www.dopharma-micronkit.com\\\/wp-content\\\/uploads\\\/2024\\\/08\\\/Dopharma-logo_hor_black_800x600px.png\",\"width\":800,\"height\":600,\"caption\":\"Dopharma Micron Kit\"},\"image\":{\"@id\":\"https:\\\/\\\/www.dopharma-micronkit.com\\\/en\\\/#\\\/schema\\\/logo\\\/image\\\/\"}}]}<\/script>\n<!-- \/ Yoast SEO plugin. -->","yoast_head_json":{"title":"Over ons - Dopharma Micron Kit","robots":{"index":"index","follow":"follow","max-snippet":"max-snippet:-1","max-image-preview":"max-image-preview:large","max-video-preview":"max-video-preview:-1"},"canonical":"https:\/\/www.dopharma-micronkit.com\/fr\/over-ons\/","og_locale":"fr_FR","og_type":"article","og_title":"Over ons - Dopharma Micron Kit","og_url":"https:\/\/www.dopharma-micronkit.com\/fr\/over-ons\/","og_site_name":"Dopharma Micron Kit","article_modified_time":"2024-09-23T10:34:47+00:00","twitter_card":"summary_large_image","twitter_misc":{"Dur\u00e9e de lecture estim\u00e9e":"2 minutes"},"schema":{"@context":"https:\/\/schema.org","@graph":[{"@type":"WebPage","@id":"https:\/\/www.dopharma-micronkit.com\/fr\/over-ons\/","url":"https:\/\/www.dopharma-micronkit.com\/fr\/over-ons\/","name":"Over ons - Dopharma Micron Kit","isPartOf":{"@id":"https:\/\/www.dopharma-micronkit.com\/en\/#website"},"datePublished":"2024-08-01T12:08:01+00:00","dateModified":"2024-09-23T10:34:47+00:00","breadcrumb":{"@id":"https:\/\/www.dopharma-micronkit.com\/fr\/over-ons\/#breadcrumb"},"inLanguage":"fr-FR","potentialAction":[{"@type":"ReadAction","target":["https:\/\/www.dopharma-micronkit.com\/fr\/over-ons\/"]}]},{"@type":"BreadcrumbList","@id":"https:\/\/www.dopharma-micronkit.com\/fr\/over-ons\/#breadcrumb","itemListElement":[{"@type":"ListItem","position":1,"name":"Home","item":"https:\/\/www.dopharma-micronkit.com\/"},{"@type":"ListItem","position":2,"name":"Over ons"}]},{"@type":"WebSite","@id":"https:\/\/www.dopharma-micronkit.com\/en\/#website","url":"https:\/\/www.dopharma-micronkit.com\/en\/","name":"Dopharma Micron Kit","description":"","publisher":{"@id":"https:\/\/www.dopharma-micronkit.com\/en\/#organization"},"alternateName":"Micron Kit","potentialAction":[{"@type":"SearchAction","target":{"@type":"EntryPoint","urlTemplate":"https:\/\/www.dopharma-micronkit.com\/en\/?s={search_term_string}"},"query-input":{"@type":"PropertyValueSpecification","valueRequired":true,"valueName":"search_term_string"}}],"inLanguage":"fr-FR"},{"@type":"Organization","@id":"https:\/\/www.dopharma-micronkit.com\/en\/#organization","name":"Dopharma Micron Kit","url":"https:\/\/www.dopharma-micronkit.com\/en\/","logo":{"@type":"ImageObject","inLanguage":"fr-FR","@id":"https:\/\/www.dopharma-micronkit.com\/en\/#\/schema\/logo\/image\/","url":"https:\/\/www.dopharma-micronkit.com\/wp-content\/uploads\/2024\/08\/Dopharma-logo_hor_black_800x600px.png","contentUrl":"https:\/\/www.dopharma-micronkit.com\/wp-content\/uploads\/2024\/08\/Dopharma-logo_hor_black_800x600px.png","width":800,"height":600,"caption":"Dopharma Micron Kit"},"image":{"@id":"https:\/\/www.dopharma-micronkit.com\/en\/#\/schema\/logo\/image\/"}}]}},"_links":{"self":[{"href":"https:\/\/www.dopharma-micronkit.com\/fr\/wp-json\/wp\/v2\/pages\/33","targetHints":{"allow":["GET"]}}],"collection":[{"href":"https:\/\/www.dopharma-micronkit.com\/fr\/wp-json\/wp\/v2\/pages"}],"about":[{"href":"https:\/\/www.dopharma-micronkit.com\/fr\/wp-json\/wp\/v2\/types\/page"}],"author":[{"embeddable":true,"href":"https:\/\/www.dopharma-micronkit.com\/fr\/wp-json\/wp\/v2\/users\/1"}],"replies":[{"embeddable":true,"href":"https:\/\/www.dopharma-micronkit.com\/fr\/wp-json\/wp\/v2\/comments?post=33"}],"version-history":[{"count":19,"href":"https:\/\/www.dopharma-micronkit.com\/fr\/wp-json\/wp\/v2\/pages\/33\/revisions"}],"predecessor-version":[{"id":549,"href":"https:\/\/www.dopharma-micronkit.com\/fr\/wp-json\/wp\/v2\/pages\/33\/revisions\/549"}],"wp:attachment":[{"href":"https:\/\/www.dopharma-micronkit.com\/fr\/wp-json\/wp\/v2\/media?parent=33"}],"curies":[{"name":"wp","href":"https:\/\/api.w.org\/{rel}","templated":true}]}}