{"id":25,"date":"2024-08-01T14:02:25","date_gmt":"2024-08-01T12:02:25","guid":{"rendered":"https:\/\/www.dopharma-micronkit.com\/?page_id=25"},"modified":"2026-04-01T14:19:48","modified_gmt":"2026-04-01T12:19:48","slug":"contact","status":"publish","type":"page","link":"https:\/\/www.dopharma-micronkit.com\/fr\/contact\/","title":{"rendered":"Contact"},"content":{"rendered":"<section class=\"section\" id=\"section_1475586434\">\n\t\t<div class=\"section-bg fill\" >\n\t\t\t\t\t\t\t\t\t\n\t\t\t\n\n\t\t<\/div>\n\n\t\t\n\n\t\t<div class=\"section-content relative\">\n\t\t\t\n<div class=\"row\"  id=\"row-380002808\">\n\n\t<div id=\"col-950136282\" class=\"col small-12 large-12\"  >\n\t\t\t\t<div class=\"col-inner text-center\"  >\n\t\t\t\n\t\t\t\n<h1>Contact<\/h1>\n\t<div id=\"text-3660822787\" class=\"text\">\n\t\t\n<h2>Un membre de notre<span style=\"color: #2dbda5;\"> \u00e9quipe de support technique<\/span> se fera un plaisir de vous conseiller.<\/h2>\n\t\t\n<style>\n#text-3660822787 {\n  font-size: 1rem;\n}\n<\/style>\n\t<\/div>\n\t\n\t\t<\/div>\n\t\t\t\t\t<\/div>\n\n\t\n<\/div>\n<div class=\"row\"  id=\"row-1280792255\">\n\n\t<div id=\"col-646292959\" class=\"col medium-1 small-12 large-1\"  >\n\t\t\t\t<div class=\"col-inner\"  >\n\t\t\t\n\t\t\t\n\t\t<\/div>\n\t\t\t\t\t<\/div>\n\n\t\n\n\t<div id=\"col-653023164\" class=\"col medium-3 small-6 large-3\"  >\n\t\t\t\t<div class=\"col-inner\"  >\n\t\t\t\n\t\t\t\n    <div class=\"box has-hover has-hover box-text-bottom\" >\n\n                  <div class=\"box-image\" style=\"width:80%;\">\n           <div class=\"box-image-inner image-cover\" style=\"border-radius:100%;padding-top:100%;\">\n              <img loading=\"lazy\" decoding=\"async\" width=\"596\" height=\"596\" src=\"https:\/\/www.dopharma-micronkit.com\/wp-content\/uploads\/2024\/08\/Profielfoto-Chris.png\" class=\"attachment- size-\" alt=\"\" srcset=\"https:\/\/www.dopharma-micronkit.com\/wp-content\/uploads\/2024\/08\/Profielfoto-Chris.png 596w, https:\/\/www.dopharma-micronkit.com\/wp-content\/uploads\/2024\/08\/Profielfoto-Chris-300x300.png 300w, https:\/\/www.dopharma-micronkit.com\/wp-content\/uploads\/2024\/08\/Profielfoto-Chris-150x150.png 150w, https:\/\/www.dopharma-micronkit.com\/wp-content\/uploads\/2024\/08\/Profielfoto-Chris-100x100.png 100w\" sizes=\"auto, (max-width: 596px) 100vw, 596px\" \/>                         <\/div>\n          <\/div>\n         \n          <div class=\"box-text text-center\" >\n                <div class=\"box-text-inner\">\n                  <h4 class=\"uppercase\">\n                    <span class=\"person-name\">Chris Cornelis<\/span><br\/>\n                    <span class=\"person-title is-small thin-font op-7\">\n                                          <\/span>\n                  <\/h4>\n\t\t\t\t\t\n<p>V\u00e9t\u00e9rinaire pour animaux d'\u00e9levage<\/p>\n<p>Consultant Ruminants<\/p>\n                <\/div>\n          <\/div>\n    <\/div>\n\n\t\n    \n\t\t<\/div>\n\t\t\t\t\t<\/div>\n\n\t\n\n\t<div id=\"col-843533199\" class=\"col medium-3 small-6 large-3\"  >\n\t\t\t\t<div class=\"col-inner\"  >\n\t\t\t\n\t\t\t\n    <div class=\"box has-hover has-hover box-text-bottom\" >\n\n                  <div class=\"box-image\" style=\"width:80%;\">\n           <div class=\"box-image-inner image-cover\" style=\"border-radius:100%;padding-top:100%;\">\n              <img loading=\"lazy\" decoding=\"async\" width=\"1250\" height=\"1250\" src=\"https:\/\/www.dopharma-micronkit.com\/wp-content\/uploads\/2026\/04\/Profielfoto-Patricia-150-dpi.png\" class=\"attachment- size-\" alt=\"\" srcset=\"https:\/\/www.dopharma-micronkit.com\/wp-content\/uploads\/2026\/04\/Profielfoto-Patricia-150-dpi.png 1250w, https:\/\/www.dopharma-micronkit.com\/wp-content\/uploads\/2026\/04\/Profielfoto-Patricia-150-dpi-300x300.png 300w, https:\/\/www.dopharma-micronkit.com\/wp-content\/uploads\/2026\/04\/Profielfoto-Patricia-150-dpi-1024x1024.png 1024w, https:\/\/www.dopharma-micronkit.com\/wp-content\/uploads\/2026\/04\/Profielfoto-Patricia-150-dpi-150x150.png 150w, https:\/\/www.dopharma-micronkit.com\/wp-content\/uploads\/2026\/04\/Profielfoto-Patricia-150-dpi-768x768.png 768w, https:\/\/www.dopharma-micronkit.com\/wp-content\/uploads\/2026\/04\/Profielfoto-Patricia-150-dpi-12x12.png 12w, https:\/\/www.dopharma-micronkit.com\/wp-content\/uploads\/2026\/04\/Profielfoto-Patricia-150-dpi-600x600.png 600w, https:\/\/www.dopharma-micronkit.com\/wp-content\/uploads\/2026\/04\/Profielfoto-Patricia-150-dpi-100x100.png 100w\" sizes=\"auto, (max-width: 1250px) 100vw, 1250px\" \/>                         <\/div>\n          <\/div>\n         \n          <div class=\"box-text text-center\" >\n                <div class=\"box-text-inner\">\n                  <h4 class=\"uppercase\">\n                    <span class=\"person-name\">Patricia van Ginderen<\/span><br\/>\n                    <span class=\"person-title is-small thin-font op-7\">\n                                          <\/span>\n                  <\/h4>\n\t\t\t\t\t\n<p>V\u00e9t\u00e9rinaire pour animaux d'\u00e9levage<\/p>\n<p>Gespecialiseerd in varkens<\/p>\n                <\/div>\n          <\/div>\n    <\/div>\n\n\t\n    \n\t\t<\/div>\n\t\t\t\t\t<\/div>\n\n\t\n\n\t<div id=\"col-1964784350\" class=\"col medium-3 small-6 large-3\"  >\n\t\t\t\t<div class=\"col-inner\"  >\n\t\t\t\n\t\t\t\n    <div class=\"box has-hover has-hover box-text-bottom\" >\n\n                  <div class=\"box-image\" style=\"width:80%;\">\n           <div class=\"box-image-inner image-cover\" style=\"border-radius:100%;padding-top:100%;\">\n              <img loading=\"lazy\" decoding=\"async\" width=\"1250\" height=\"1250\" src=\"https:\/\/www.dopharma-micronkit.com\/wp-content\/uploads\/2026\/04\/Profielfoto-Sylwia-150-dpi.png\" class=\"attachment- size-\" alt=\"\" srcset=\"https:\/\/www.dopharma-micronkit.com\/wp-content\/uploads\/2026\/04\/Profielfoto-Sylwia-150-dpi.png 1250w, https:\/\/www.dopharma-micronkit.com\/wp-content\/uploads\/2026\/04\/Profielfoto-Sylwia-150-dpi-300x300.png 300w, https:\/\/www.dopharma-micronkit.com\/wp-content\/uploads\/2026\/04\/Profielfoto-Sylwia-150-dpi-1024x1024.png 1024w, https:\/\/www.dopharma-micronkit.com\/wp-content\/uploads\/2026\/04\/Profielfoto-Sylwia-150-dpi-150x150.png 150w, https:\/\/www.dopharma-micronkit.com\/wp-content\/uploads\/2026\/04\/Profielfoto-Sylwia-150-dpi-768x768.png 768w, https:\/\/www.dopharma-micronkit.com\/wp-content\/uploads\/2026\/04\/Profielfoto-Sylwia-150-dpi-12x12.png 12w, https:\/\/www.dopharma-micronkit.com\/wp-content\/uploads\/2026\/04\/Profielfoto-Sylwia-150-dpi-600x600.png 600w, https:\/\/www.dopharma-micronkit.com\/wp-content\/uploads\/2026\/04\/Profielfoto-Sylwia-150-dpi-100x100.png 100w\" sizes=\"auto, (max-width: 1250px) 100vw, 1250px\" \/>                         <\/div>\n          <\/div>\n         \n          <div class=\"box-text text-center\" >\n                <div class=\"box-text-inner\">\n                  <h4 class=\"uppercase\">\n                    <span class=\"person-name\">Sylwia Doner<\/span><br\/>\n                    <span class=\"person-title is-small thin-font op-7\">\n                                          <\/span>\n                  <\/h4>\n\t\t\t\t\t\n<p>V\u00e9t\u00e9rinaire pour animaux d'\u00e9levage<\/p>\n<p>Gespecialiseerd in pluimvee<\/p>\n                <\/div>\n          <\/div>\n    <\/div>\n\n\t\n    \n\t\t<\/div>\n\t\t\t\t\t<\/div>\n\n\t\n\n\t<div id=\"col-1869067651\" class=\"col medium-3 small-6 large-3\"  >\n\t\t\t\t<div class=\"col-inner\"  >\n\t\t\t\n\t\t\t\n\t\t<\/div>\n\t\t\t\t\t<\/div>\n\n\t\n<\/div>\n<div class=\"row\"  id=\"row-1233562365\">\n\n\t<div id=\"col-408836367\" class=\"col small-12 large-12\"  >\n\t\t\t\t<div class=\"col-inner text-center\"  >\n\t\t\t\n\t\t\t\n<a href=\"https:\/\/www.dopharma-micronkit.com\/fr\/demo-aanvraag\/\" class=\"button secondary lowercase\" >\n\t\t<span>Demander une d\u00e9mo<\/span>\n\t<\/a>\n\n<a href=\"tel:+31162582000\" class=\"button primary is-outline lowercase\" style=\"border-radius:99px;\">\n\t<i class=\"icon-phone\" aria-hidden=\"true\"><\/i>\t<span>(+31) 0162-582000<\/span>\n\t<\/a>\n\n<a href=\"mailto:TS@dopharma.com\" class=\"button primary is-outline lowercase\" style=\"border-radius:99px;\">\n\t<i class=\"icon-envelop\" aria-hidden=\"true\"><\/i>\t<span>TS@dopharma.com<\/span>\n\t<\/a>\n\n\t\t<\/div>\n\t\t\t\t\t<\/div>\n\n\t\n<\/div>\n\t\t<\/div>\n\n\t\t\n<style>\n#section_1475586434 {\n  padding-top: 30px;\n  padding-bottom: 30px;\n}\n<\/style>\n\t<\/section>","protected":false},"excerpt":{"rendered":"","protected":false},"author":1,"featured_media":0,"parent":0,"menu_order":90,"comment_status":"closed","ping_status":"closed","template":"","meta":{"footnotes":""},"class_list":["post-25","page","type-page","status-publish","hentry"],"yoast_head":"<!-- This site is optimized with the Yoast SEO plugin v27.3 - https:\/\/yoast.com\/product\/yoast-seo-wordpress\/ -->\n<title>Contact - Dopharma Micron Kit<\/title>\n<meta name=\"robots\" content=\"index, follow, max-snippet:-1, max-image-preview:large, max-video-preview:-1\" \/>\n<link rel=\"canonical\" href=\"https:\/\/www.dopharma-micronkit.com\/fr\/contact\/\" \/>\n<meta property=\"og:locale\" content=\"fr_FR\" \/>\n<meta property=\"og:type\" content=\"article\" \/>\n<meta property=\"og:title\" content=\"Contact - Dopharma Micron Kit\" \/>\n<meta property=\"og:url\" content=\"https:\/\/www.dopharma-micronkit.com\/fr\/contact\/\" \/>\n<meta property=\"og:site_name\" content=\"Dopharma Micron Kit\" \/>\n<meta property=\"article:modified_time\" content=\"2026-04-01T12:19:48+00:00\" \/>\n<meta name=\"twitter:card\" content=\"summary_large_image\" \/>\n<meta name=\"twitter:label1\" content=\"Dur\u00e9e de lecture estim\u00e9e\" \/>\n\t<meta name=\"twitter:data1\" content=\"1 minute\" \/>\n<script type=\"application\/ld+json\" class=\"yoast-schema-graph\">{\"@context\":\"https:\\\/\\\/schema.org\",\"@graph\":[{\"@type\":\"WebPage\",\"@id\":\"https:\\\/\\\/www.dopharma-micronkit.com\\\/contact\\\/\",\"url\":\"https:\\\/\\\/www.dopharma-micronkit.com\\\/contact\\\/\",\"name\":\"Contact - Dopharma Micron Kit\",\"isPartOf\":{\"@id\":\"https:\\\/\\\/www.dopharma-micronkit.com\\\/en\\\/#website\"},\"datePublished\":\"2024-08-01T12:02:25+00:00\",\"dateModified\":\"2026-04-01T12:19:48+00:00\",\"breadcrumb\":{\"@id\":\"https:\\\/\\\/www.dopharma-micronkit.com\\\/contact\\\/#breadcrumb\"},\"inLanguage\":\"fr-FR\",\"potentialAction\":[{\"@type\":\"ReadAction\",\"target\":[\"https:\\\/\\\/www.dopharma-micronkit.com\\\/contact\\\/\"]}]},{\"@type\":\"BreadcrumbList\",\"@id\":\"https:\\\/\\\/www.dopharma-micronkit.com\\\/contact\\\/#breadcrumb\",\"itemListElement\":[{\"@type\":\"ListItem\",\"position\":1,\"name\":\"Home\",\"item\":\"https:\\\/\\\/www.dopharma-micronkit.com\\\/\"},{\"@type\":\"ListItem\",\"position\":2,\"name\":\"Contact\"}]},{\"@type\":\"WebSite\",\"@id\":\"https:\\\/\\\/www.dopharma-micronkit.com\\\/en\\\/#website\",\"url\":\"https:\\\/\\\/www.dopharma-micronkit.com\\\/en\\\/\",\"name\":\"Dopharma Micron Kit\",\"description\":\"\",\"publisher\":{\"@id\":\"https:\\\/\\\/www.dopharma-micronkit.com\\\/en\\\/#organization\"},\"alternateName\":\"Micron Kit\",\"potentialAction\":[{\"@type\":\"SearchAction\",\"target\":{\"@type\":\"EntryPoint\",\"urlTemplate\":\"https:\\\/\\\/www.dopharma-micronkit.com\\\/en\\\/?s={search_term_string}\"},\"query-input\":{\"@type\":\"PropertyValueSpecification\",\"valueRequired\":true,\"valueName\":\"search_term_string\"}}],\"inLanguage\":\"fr-FR\"},{\"@type\":\"Organization\",\"@id\":\"https:\\\/\\\/www.dopharma-micronkit.com\\\/en\\\/#organization\",\"name\":\"Dopharma Micron Kit\",\"url\":\"https:\\\/\\\/www.dopharma-micronkit.com\\\/en\\\/\",\"logo\":{\"@type\":\"ImageObject\",\"inLanguage\":\"fr-FR\",\"@id\":\"https:\\\/\\\/www.dopharma-micronkit.com\\\/en\\\/#\\\/schema\\\/logo\\\/image\\\/\",\"url\":\"https:\\\/\\\/www.dopharma-micronkit.com\\\/wp-content\\\/uploads\\\/2024\\\/08\\\/Dopharma-logo_hor_black_800x600px.png\",\"contentUrl\":\"https:\\\/\\\/www.dopharma-micronkit.com\\\/wp-content\\\/uploads\\\/2024\\\/08\\\/Dopharma-logo_hor_black_800x600px.png\",\"width\":800,\"height\":600,\"caption\":\"Dopharma Micron Kit\"},\"image\":{\"@id\":\"https:\\\/\\\/www.dopharma-micronkit.com\\\/en\\\/#\\\/schema\\\/logo\\\/image\\\/\"}}]}<\/script>\n<!-- \/ Yoast SEO plugin. -->","yoast_head_json":{"title":"Contact - Dopharma Micron Kit","robots":{"index":"index","follow":"follow","max-snippet":"max-snippet:-1","max-image-preview":"max-image-preview:large","max-video-preview":"max-video-preview:-1"},"canonical":"https:\/\/www.dopharma-micronkit.com\/fr\/contact\/","og_locale":"fr_FR","og_type":"article","og_title":"Contact - Dopharma Micron Kit","og_url":"https:\/\/www.dopharma-micronkit.com\/fr\/contact\/","og_site_name":"Dopharma Micron Kit","article_modified_time":"2026-04-01T12:19:48+00:00","twitter_card":"summary_large_image","twitter_misc":{"Dur\u00e9e de lecture estim\u00e9e":"1 minute"},"schema":{"@context":"https:\/\/schema.org","@graph":[{"@type":"WebPage","@id":"https:\/\/www.dopharma-micronkit.com\/contact\/","url":"https:\/\/www.dopharma-micronkit.com\/contact\/","name":"Contact - Dopharma Micron Kit","isPartOf":{"@id":"https:\/\/www.dopharma-micronkit.com\/en\/#website"},"datePublished":"2024-08-01T12:02:25+00:00","dateModified":"2026-04-01T12:19:48+00:00","breadcrumb":{"@id":"https:\/\/www.dopharma-micronkit.com\/contact\/#breadcrumb"},"inLanguage":"fr-FR","potentialAction":[{"@type":"ReadAction","target":["https:\/\/www.dopharma-micronkit.com\/contact\/"]}]},{"@type":"BreadcrumbList","@id":"https:\/\/www.dopharma-micronkit.com\/contact\/#breadcrumb","itemListElement":[{"@type":"ListItem","position":1,"name":"Home","item":"https:\/\/www.dopharma-micronkit.com\/"},{"@type":"ListItem","position":2,"name":"Contact"}]},{"@type":"WebSite","@id":"https:\/\/www.dopharma-micronkit.com\/en\/#website","url":"https:\/\/www.dopharma-micronkit.com\/en\/","name":"Dopharma Micron Kit","description":"","publisher":{"@id":"https:\/\/www.dopharma-micronkit.com\/en\/#organization"},"alternateName":"Micron Kit","potentialAction":[{"@type":"SearchAction","target":{"@type":"EntryPoint","urlTemplate":"https:\/\/www.dopharma-micronkit.com\/en\/?s={search_term_string}"},"query-input":{"@type":"PropertyValueSpecification","valueRequired":true,"valueName":"search_term_string"}}],"inLanguage":"fr-FR"},{"@type":"Organization","@id":"https:\/\/www.dopharma-micronkit.com\/en\/#organization","name":"Dopharma Micron Kit","url":"https:\/\/www.dopharma-micronkit.com\/en\/","logo":{"@type":"ImageObject","inLanguage":"fr-FR","@id":"https:\/\/www.dopharma-micronkit.com\/en\/#\/schema\/logo\/image\/","url":"https:\/\/www.dopharma-micronkit.com\/wp-content\/uploads\/2024\/08\/Dopharma-logo_hor_black_800x600px.png","contentUrl":"https:\/\/www.dopharma-micronkit.com\/wp-content\/uploads\/2024\/08\/Dopharma-logo_hor_black_800x600px.png","width":800,"height":600,"caption":"Dopharma Micron Kit"},"image":{"@id":"https:\/\/www.dopharma-micronkit.com\/en\/#\/schema\/logo\/image\/"}}]}},"_links":{"self":[{"href":"https:\/\/www.dopharma-micronkit.com\/fr\/wp-json\/wp\/v2\/pages\/25","targetHints":{"allow":["GET"]}}],"collection":[{"href":"https:\/\/www.dopharma-micronkit.com\/fr\/wp-json\/wp\/v2\/pages"}],"about":[{"href":"https:\/\/www.dopharma-micronkit.com\/fr\/wp-json\/wp\/v2\/types\/page"}],"author":[{"embeddable":true,"href":"https:\/\/www.dopharma-micronkit.com\/fr\/wp-json\/wp\/v2\/users\/1"}],"replies":[{"embeddable":true,"href":"https:\/\/www.dopharma-micronkit.com\/fr\/wp-json\/wp\/v2\/comments?post=25"}],"version-history":[{"count":20,"href":"https:\/\/www.dopharma-micronkit.com\/fr\/wp-json\/wp\/v2\/pages\/25\/revisions"}],"predecessor-version":[{"id":729,"href":"https:\/\/www.dopharma-micronkit.com\/fr\/wp-json\/wp\/v2\/pages\/25\/revisions\/729"}],"wp:attachment":[{"href":"https:\/\/www.dopharma-micronkit.com\/fr\/wp-json\/wp\/v2\/media?parent=25"}],"curies":[{"name":"wp","href":"https:\/\/api.w.org\/{rel}","templated":true}]}}