{"id":307,"date":"2024-08-22T11:52:12","date_gmt":"2024-08-22T09:52:12","guid":{"rendered":"https:\/\/www.dopharma-micronkit.com\/?page_id=307"},"modified":"2024-09-05T14:56:07","modified_gmt":"2024-09-05T12:56:07","slug":"durable","status":"publish","type":"page","link":"http:\/\/www.dopharma-micronkit.com\/fr\/duurzaamheid\/","title":{"rendered":"Durabilit\u00e9"},"content":{"rendered":"<section class=\"section\" id=\"section_2072679875\">\n\t\t<div class=\"section-bg fill\" >\n\t\t\t\t\t\t\t\t\t\n\t\t\t\n\n\t\t<\/div>\n\n\t\t\n\n\t\t<div class=\"section-content relative\">\n\t\t\t\n\t<div id=\"text-478769726\" class=\"text\">\n\t\t\n<h1 style=\"text-align: center;\"><span style=\"color: #2dbda5;\">Durable<\/span> des anthelmintiques<\/h1>\n\t\t\n<style>\n#text-478769726 {\n  font-size: 0.75rem;\n}\n@media (min-width:550px) {\n  #text-478769726 {\n    font-size: 1.1rem;\n  }\n}\n<\/style>\n\t<\/div>\n\t\n\t\t<\/div>\n\n\t\t\n<style>\n#section_2072679875 {\n  padding-top: 30px;\n  padding-bottom: 30px;\n}\n<\/style>\n\t<\/section>\n\t\n\n\t<section class=\"section\" id=\"section_1281771448\">\n\t\t<div class=\"section-bg fill\" >\n\t\t\t\t\t\t\t\t\t\n\t\t\t\n\n\t\t<\/div>\n\n\t\t\n\n\t\t<div class=\"section-content relative\">\n\t\t\t\n<div class=\"row\"  id=\"row-1249656353\">\n\n\t<div id=\"col-1736196136\" class=\"col medium-8 small-12 large-8\"  >\n\t\t\t\t<div class=\"col-inner\"  >\n\t\t\t\n\t\t\t\n<p>Les infestations par des parasites  intestinaux sont fr\u00e9quentes chez nos animaux d'\u00e9levage. Cela peut avoir un impact n\u00e9gatif sur leur bien-\u00eatre et entra\u00eener des pertes de production importantes. La lutte contre ces parasites nuisibles peut n\u00e9cessiter l\u2019utilisation de m\u00e9dicaments v\u00e9t\u00e9rinaires antiparasitaires.<\/p>\n<p>Cependant, \u00e0 l'instar de l'utilisation des antibiotiques, l'utilisation de m\u00e9dicaments antiparasitaires a un impact sur les r\u00e9sistances des parasites et sur l\u2019environnement. Il est donc essentiel de n'utiliser ces m\u00e9dicaments que lorsque cela est n\u00e9cessaire et uniquement pour les animaux r\u00e9ellement infect\u00e9s. Si un traitement est requis, le m\u00e9dicament doit \u00eatre administr\u00e9 avec soin et discernement.<\/p>\n<p>Ce n'est qu'en utilisant les m\u00e9dicaments v\u00e9t\u00e9rinaires antiparasitaires de mani\u00e8re responsable et rationnelle que nous pourrons pr\u00e9server leur efficacit\u00e9 pour l'avenir.<\/p>\n\t\t<\/div>\n\t\t\t\t\t<\/div>\n\n\t\n\n\t<div id=\"col-1454969185\" class=\"col medium-4 small-12 large-4 small-col-first\"  >\n\t\t\t\t<div class=\"col-inner text-center\"  >\n\t\t\t\n\t\t\t\n\t<div class=\"img has-hover x md-x lg-x y md-y lg-y\" id=\"image_1438270767\">\n\t\t\t\t\t\t\t\t<div class=\"img-inner dark\" >\n\t\t\t<img loading=\"lazy\" decoding=\"async\" width=\"1\" height=\"1\" src=\"https:\/\/www.dopharma-micronkit.com\/wp-content\/uploads\/2024\/08\/t7.svg\" class=\"attachment-medium size-medium\" alt=\"\" \/>\t\t\t\t\t\t\n\t\t\t\t\t<\/div>\n\t\t\t\t\t\t\t\t\n<style>\n#image_1438270767 {\n  width: 50%;\n}\n@media (min-width:550px) {\n  #image_1438270767 {\n    width: 100%;\n  }\n}\n<\/style>\n\t<\/div>\n\t\n\t\t<\/div>\n\t\t\t\t\t<\/div>\n\n\t\n<\/div>\n\t\t<\/div>\n\n\t\t\n<style>\n#section_1281771448 {\n  padding-top: 30px;\n  padding-bottom: 30px;\n}\n<\/style>\n\t<\/section>\n\t\n\n\t<section class=\"section\" id=\"section_824096966\">\n\t\t<div class=\"section-bg fill\" >\n\t\t\t\t\t\t\t\t\t\n\t\t\t\n\n\t\t<\/div>\n\n\t\t\n\n\t\t<div class=\"section-content relative\">\n\t\t\t\n<div class=\"row row-large row-full-width align-middle\"  id=\"row-2074449658\">\n\n\t<div id=\"col-473060245\" class=\"col medium-2 small-12 large-2\"  >\n\t\t\t\t<div class=\"col-inner\"  >\n\t\t\t\n\t\t\t\n\t\t<\/div>\n\t\t\t\t\t<\/div>\n\n\t\n\n\t<div id=\"col-269791582\" class=\"col medium-3 small-12 large-3\"  >\n\t\t\t\t<div class=\"col-inner\"  >\n\t\t\t\n\t\t\t\n\t<div class=\"img has-hover x md-x lg-x y md-y lg-y\" id=\"image_464125959\">\n\t\t\t\t\t\t\t\t<div class=\"img-inner dark\" >\n\t\t\t<img loading=\"lazy\" decoding=\"async\" width=\"2560\" height=\"1920\" src=\"https:\/\/www.dopharma-micronkit.com\/wp-content\/uploads\/2024\/08\/Micron-Kit-Standing-with-App-scaled-1.jpg\" class=\"attachment-original size-original\" alt=\"\" srcset=\"https:\/\/www.dopharma-micronkit.com\/wp-content\/uploads\/2024\/08\/Micron-Kit-Standing-with-App-scaled-1.jpg 2560w, https:\/\/www.dopharma-micronkit.com\/wp-content\/uploads\/2024\/08\/Micron-Kit-Standing-with-App-scaled-1-300x225.jpg 300w, https:\/\/www.dopharma-micronkit.com\/wp-content\/uploads\/2024\/08\/Micron-Kit-Standing-with-App-scaled-1-1024x768.jpg 1024w, https:\/\/www.dopharma-micronkit.com\/wp-content\/uploads\/2024\/08\/Micron-Kit-Standing-with-App-scaled-1-768x576.jpg 768w, https:\/\/www.dopharma-micronkit.com\/wp-content\/uploads\/2024\/08\/Micron-Kit-Standing-with-App-scaled-1-1536x1152.jpg 1536w, https:\/\/www.dopharma-micronkit.com\/wp-content\/uploads\/2024\/08\/Micron-Kit-Standing-with-App-scaled-1-2048x1536.jpg 2048w, https:\/\/www.dopharma-micronkit.com\/wp-content\/uploads\/2024\/08\/Micron-Kit-Standing-with-App-scaled-1-600x450.jpg 600w\" sizes=\"auto, (max-width: 2560px) 100vw, 2560px\" \/>\t\t\t\t\t\t\n\t\t\t\t\t<\/div>\n\t\t\t\t\t\t\t\t\n<style>\n#image_464125959 {\n  width: 100%;\n}\n<\/style>\n\t<\/div>\n\t\n\t\t<\/div>\n\t\t\t\t\t<\/div>\n\n\t\n\n\t<div id=\"col-1418803120\" class=\"col medium-5 small-12 large-5\"  >\n\t\t\t\t<div class=\"col-inner text-left\"  >\n\t\t\t\n\t\t\t\n<h2 style=\"text-align: left;\">Comment <span style=\"color: #2dbda5;\">Micron Kit<\/span> peut vous aider<\/h2>\n<p style=\"text-align: left;\">La lutte raisonn\u00e9e contre les parasites intestinaux repose sur une \u00e9valuation pr\u00e9cise de la charge parasitaire des animaux. Micron Kit utilise une m\u00e9thode innovante pour \u00e9valuer les diff\u00e9rents \u0153ufs de vers et les ookystes dans les mati\u00e8res f\u00e9cales. La technologie de Micron Kit permet alors de r\u00e9aliser des coproscopies quantitatives facilement, rapidement et avec pr\u00e9cision. Il s'agit d'une avanc\u00e9e majeure dans la lutte contre les parasites intestinaux. Micron Kit aide ainsi \u00e0 une utilisation responsable et rationnelle des m\u00e9dicaments antiparasitaires v\u00e9t\u00e9rinaires, contribuant \u00e0 r\u00e9duire r\u00e9sistance et pollution.<\/p>\n<p style=\"text-align: left;\">Aussi, Micron Kit permet d\u2019\u00e9valuer l'efficacit\u00e9 d'un traitement, permettant de d\u00e9tecter rapidement une r\u00e9sistance. Micron Kit aide alors \u00e0 choisir un m\u00e9dicament v\u00e9t\u00e9rinaire efficace. De cette mani\u00e8re, Micron Kit joue un r\u00f4le essentiel dans la lutte durable contre les parasites.<\/p>\n<p style=\"text-align: left;\">Micron Kit est con\u00e7u de mani\u00e8re \u00e0 ce que tout le mat\u00e9riel n\u00e9cessaire pour la r\u00e9alisation des examens soit r\u00e9utilisable et, si n\u00e9cessaire, rempla\u00e7able, limitant ainsi la production de d\u00e9chets plastiques, faisant de Micron Kit une solution durable \u00e9galement sur ce plan.<\/p>\n<a href=\"\/fr\/online-bestellen\/\" class=\"button primary lowercase\" >\n\t\t<span>Commander<\/span>\n\t<i class=\"icon-angle-right\" aria-hidden=\"true\"><\/i><\/a>\n\n\t\t<\/div>\n\t\t\t\t\t<\/div>\n\n\t\n<\/div>\n\t\t<\/div>\n\n\t\t\n<style>\n#section_824096966 {\n  padding-top: 30px;\n  padding-bottom: 30px;\n  background-color: rgb(255,255,255);\n}\n<\/style>\n\t<\/section>","protected":false},"excerpt":{"rendered":"","protected":false},"author":4,"featured_media":0,"parent":0,"menu_order":0,"comment_status":"closed","ping_status":"closed","template":"page-blank.php","meta":{"footnotes":""},"class_list":["post-307","page","type-page","status-publish","hentry"],"yoast_head":"<!-- This site is optimized with the Yoast SEO plugin v27.3 - https:\/\/yoast.com\/product\/yoast-seo-wordpress\/ -->\n<title>Duurzaamheid - Dopharma Micron Kit<\/title>\n<meta name=\"robots\" content=\"index, follow, max-snippet:-1, max-image-preview:large, max-video-preview:-1\" \/>\n<link rel=\"canonical\" href=\"https:\/\/www.dopharma-micronkit.com\/fr\/durable\/\" \/>\n<meta property=\"og:locale\" content=\"fr_FR\" \/>\n<meta property=\"og:type\" content=\"article\" \/>\n<meta property=\"og:title\" content=\"Duurzaamheid - Dopharma Micron Kit\" \/>\n<meta property=\"og:url\" content=\"https:\/\/www.dopharma-micronkit.com\/fr\/durable\/\" \/>\n<meta property=\"og:site_name\" content=\"Dopharma Micron Kit\" \/>\n<meta property=\"article:modified_time\" content=\"2024-09-05T12:56:07+00:00\" \/>\n<meta name=\"twitter:card\" content=\"summary_large_image\" \/>\n<meta name=\"twitter:label1\" content=\"Dur\u00e9e de lecture estim\u00e9e\" \/>\n\t<meta name=\"twitter:data1\" content=\"2 minutes\" \/>\n<script type=\"application\/ld+json\" class=\"yoast-schema-graph\">{\"@context\":\"https:\\\/\\\/schema.org\",\"@graph\":[{\"@type\":\"WebPage\",\"@id\":\"https:\\\/\\\/www.dopharma-micronkit.com\\\/en\\\/sustainable\\\/\",\"url\":\"https:\\\/\\\/www.dopharma-micronkit.com\\\/en\\\/sustainable\\\/\",\"name\":\"Duurzaamheid - Dopharma Micron Kit\",\"isPartOf\":{\"@id\":\"https:\\\/\\\/www.dopharma-micronkit.com\\\/en\\\/#website\"},\"datePublished\":\"2024-08-22T09:52:12+00:00\",\"dateModified\":\"2024-09-05T12:56:07+00:00\",\"breadcrumb\":{\"@id\":\"https:\\\/\\\/www.dopharma-micronkit.com\\\/en\\\/sustainable\\\/#breadcrumb\"},\"inLanguage\":\"fr-FR\",\"potentialAction\":[{\"@type\":\"ReadAction\",\"target\":[\"https:\\\/\\\/www.dopharma-micronkit.com\\\/en\\\/sustainable\\\/\"]}]},{\"@type\":\"BreadcrumbList\",\"@id\":\"https:\\\/\\\/www.dopharma-micronkit.com\\\/en\\\/sustainable\\\/#breadcrumb\",\"itemListElement\":[{\"@type\":\"ListItem\",\"position\":1,\"name\":\"Home\",\"item\":\"https:\\\/\\\/www.dopharma-micronkit.com\\\/\"},{\"@type\":\"ListItem\",\"position\":2,\"name\":\"Duurzaamheid\"}]},{\"@type\":\"WebSite\",\"@id\":\"https:\\\/\\\/www.dopharma-micronkit.com\\\/en\\\/#website\",\"url\":\"https:\\\/\\\/www.dopharma-micronkit.com\\\/en\\\/\",\"name\":\"Dopharma Micron Kit\",\"description\":\"\",\"publisher\":{\"@id\":\"https:\\\/\\\/www.dopharma-micronkit.com\\\/en\\\/#organization\"},\"alternateName\":\"Micron Kit\",\"potentialAction\":[{\"@type\":\"SearchAction\",\"target\":{\"@type\":\"EntryPoint\",\"urlTemplate\":\"https:\\\/\\\/www.dopharma-micronkit.com\\\/en\\\/?s={search_term_string}\"},\"query-input\":{\"@type\":\"PropertyValueSpecification\",\"valueRequired\":true,\"valueName\":\"search_term_string\"}}],\"inLanguage\":\"fr-FR\"},{\"@type\":\"Organization\",\"@id\":\"https:\\\/\\\/www.dopharma-micronkit.com\\\/en\\\/#organization\",\"name\":\"Dopharma Micron Kit\",\"url\":\"https:\\\/\\\/www.dopharma-micronkit.com\\\/en\\\/\",\"logo\":{\"@type\":\"ImageObject\",\"inLanguage\":\"fr-FR\",\"@id\":\"https:\\\/\\\/www.dopharma-micronkit.com\\\/en\\\/#\\\/schema\\\/logo\\\/image\\\/\",\"url\":\"https:\\\/\\\/www.dopharma-micronkit.com\\\/wp-content\\\/uploads\\\/2024\\\/08\\\/Dopharma-logo_hor_black_800x600px.png\",\"contentUrl\":\"https:\\\/\\\/www.dopharma-micronkit.com\\\/wp-content\\\/uploads\\\/2024\\\/08\\\/Dopharma-logo_hor_black_800x600px.png\",\"width\":800,\"height\":600,\"caption\":\"Dopharma Micron Kit\"},\"image\":{\"@id\":\"https:\\\/\\\/www.dopharma-micronkit.com\\\/en\\\/#\\\/schema\\\/logo\\\/image\\\/\"}}]}<\/script>\n<!-- \/ Yoast SEO plugin. -->","yoast_head_json":{"title":"Durable - Dopharma Micron Kit","robots":{"index":"index","follow":"follow","max-snippet":"max-snippet:-1","max-image-preview":"max-image-preview:large","max-video-preview":"max-video-preview:-1"},"canonical":"https:\/\/www.dopharma-micronkit.com\/fr\/durable\/","og_locale":"fr_FR","og_type":"article","og_title":"Duurzaamheid - Dopharma Micron Kit","og_url":"https:\/\/www.dopharma-micronkit.com\/fr\/durable\/","og_site_name":"Dopharma Micron Kit","article_modified_time":"2024-09-05T12:56:07+00:00","twitter_card":"summary_large_image","twitter_misc":{"Dur\u00e9e de lecture estim\u00e9e":"2 minutes"},"schema":{"@context":"https:\/\/schema.org","@graph":[{"@type":"WebPage","@id":"https:\/\/www.dopharma-micronkit.com\/en\/sustainable\/","url":"https:\/\/www.dopharma-micronkit.com\/en\/sustainable\/","name":"Durable - Dopharma Micron Kit","isPartOf":{"@id":"https:\/\/www.dopharma-micronkit.com\/en\/#website"},"datePublished":"2024-08-22T09:52:12+00:00","dateModified":"2024-09-05T12:56:07+00:00","breadcrumb":{"@id":"https:\/\/www.dopharma-micronkit.com\/en\/sustainable\/#breadcrumb"},"inLanguage":"fr-FR","potentialAction":[{"@type":"ReadAction","target":["https:\/\/www.dopharma-micronkit.com\/en\/sustainable\/"]}]},{"@type":"BreadcrumbList","@id":"https:\/\/www.dopharma-micronkit.com\/en\/sustainable\/#breadcrumb","itemListElement":[{"@type":"ListItem","position":1,"name":"Home","item":"https:\/\/www.dopharma-micronkit.com\/"},{"@type":"ListItem","position":2,"name":"Duurzaamheid"}]},{"@type":"WebSite","@id":"https:\/\/www.dopharma-micronkit.com\/en\/#website","url":"https:\/\/www.dopharma-micronkit.com\/en\/","name":"Dopharma Micron Kit","description":"","publisher":{"@id":"https:\/\/www.dopharma-micronkit.com\/en\/#organization"},"alternateName":"Micron Kit","potentialAction":[{"@type":"SearchAction","target":{"@type":"EntryPoint","urlTemplate":"https:\/\/www.dopharma-micronkit.com\/en\/?s={search_term_string}"},"query-input":{"@type":"PropertyValueSpecification","valueRequired":true,"valueName":"search_term_string"}}],"inLanguage":"fr-FR"},{"@type":"Organization","@id":"https:\/\/www.dopharma-micronkit.com\/en\/#organization","name":"Dopharma Micron Kit","url":"https:\/\/www.dopharma-micronkit.com\/en\/","logo":{"@type":"ImageObject","inLanguage":"fr-FR","@id":"https:\/\/www.dopharma-micronkit.com\/en\/#\/schema\/logo\/image\/","url":"https:\/\/www.dopharma-micronkit.com\/wp-content\/uploads\/2024\/08\/Dopharma-logo_hor_black_800x600px.png","contentUrl":"https:\/\/www.dopharma-micronkit.com\/wp-content\/uploads\/2024\/08\/Dopharma-logo_hor_black_800x600px.png","width":800,"height":600,"caption":"Dopharma Micron Kit"},"image":{"@id":"https:\/\/www.dopharma-micronkit.com\/en\/#\/schema\/logo\/image\/"}}]}},"_links":{"self":[{"href":"http:\/\/www.dopharma-micronkit.com\/fr\/wp-json\/wp\/v2\/pages\/307","targetHints":{"allow":["GET"]}}],"collection":[{"href":"http:\/\/www.dopharma-micronkit.com\/fr\/wp-json\/wp\/v2\/pages"}],"about":[{"href":"http:\/\/www.dopharma-micronkit.com\/fr\/wp-json\/wp\/v2\/types\/page"}],"author":[{"embeddable":true,"href":"http:\/\/www.dopharma-micronkit.com\/fr\/wp-json\/wp\/v2\/users\/4"}],"replies":[{"embeddable":true,"href":"http:\/\/www.dopharma-micronkit.com\/fr\/wp-json\/wp\/v2\/comments?post=307"}],"version-history":[{"count":18,"href":"http:\/\/www.dopharma-micronkit.com\/fr\/wp-json\/wp\/v2\/pages\/307\/revisions"}],"predecessor-version":[{"id":450,"href":"http:\/\/www.dopharma-micronkit.com\/fr\/wp-json\/wp\/v2\/pages\/307\/revisions\/450"}],"wp:attachment":[{"href":"http:\/\/www.dopharma-micronkit.com\/fr\/wp-json\/wp\/v2\/media?parent=307"}],"curies":[{"name":"wp","href":"https:\/\/api.w.org\/{rel}","templated":true}]}}