{"id":27,"date":"2024-08-01T14:02:38","date_gmt":"2024-08-01T12:02:38","guid":{"rendered":"https:\/\/www.dopharma-micronkit.com\/?page_id=27"},"modified":"2025-12-17T10:38:40","modified_gmt":"2025-12-17T09:38:40","slug":"micron-kit","status":"publish","type":"page","link":"http:\/\/www.dopharma-micronkit.com\/fr\/micron-kit\/","title":{"rendered":"Micron Kit"},"content":{"rendered":"<section class=\"section\" id=\"section_171145229\">\n\t\t<div class=\"section-bg fill\" >\n\t\t\t\t\t\t\t\t\t\n\t\t\t\n\n\t\t<\/div>\n\n\t\t\n\n\t\t<div class=\"section-content relative\">\n\t\t\t\n<div class=\"row align-middle\"  id=\"row-1431113132\">\n\n\t<div id=\"col-1225683364\" class=\"col medium-6 small-12 large-6\"  >\n\t\t\t\t<div class=\"col-inner\"  >\n\t\t\t\n\t\t\t\n<h1 class=\"vcex-heading vcex-module wpex-text-2xl wpex-font-normal wpex-m-auto wpex-max-w-100 vcex-heading-plain wpex-block wpex-mb-25 wpex-text-left vcex_667420b05c4a5\">Bienvenue dans le <span data-text-color=\"secondary\">avenir <\/span>du<\/h1>\n<h1 class=\"vcex-heading vcex-module wpex-text-2xl wpex-font-normal wpex-m-auto wpex-max-w-100 vcex-heading-plain wpex-block wpex-mb-25 wpex-text-left vcex_667420b05c4a5\"><span data-text-color=\"secondary\">diagnostic parasitaire !<\/span><\/h1>\n<p>Le Micron Kit est l'outil dont vous avez besoin pour la r\u00e9alisation d\u2019un examen de coproscopie quantitative v\u00e9t\u00e9rinaire, permettant de d\u00e9tecter la pr\u00e9sence d\u2019oocystes de coccidies et d'\u0153ufs de vers gastro-intestinaux, de paramphistomes et de douves du foie chez les bovins, les ovins, les caprins, cam\u00e9lid\u00e9s et les \u00e9quid\u00e9s. Ce kit permet la r\u00e9alisation d\u2019examens de coproscopie quantitatives v\u00e9t\u00e9rinaire rapides, de mani\u00e8re automatis\u00e9e, \u00e0 l\u2019aide d\u2019un smartphone.<\/p>\n<p>Le Micron Kit offre la possibilit\u00e9 de d\u00e9pister les infestations parasitaires, de les monitorer et d\u2019\u00e9valuer le succ\u00e8s d\u2019un traitement cibl\u00e9, pour pr\u00e9venir la r\u00e9sistance aux m\u00e9dicaments antiparasitaires. Cela garantit une utilisation responsable des anthelminthiques et anticoccidiens.<\/p>\n<a href=\"https:\/\/www.dopharma-micronkit.com\/fr\/demo-aanvraag\/\" class=\"button secondary lowercase\" >\n\t\t<span>Demander une d\u00e9mo<\/span>\n\t<\/a>\n\n\t\t<\/div>\n\t\t\t\t\t<\/div>\n\n\t\n\n\t<div id=\"col-865588618\" class=\"col medium-6 small-12 large-6 small-col-first\"  >\n\t\t\t\t<div class=\"col-inner text-center\"  >\n\t\t\t\n\t\t\t\n\t<div class=\"img has-hover afgerond x md-x lg-x y md-y lg-y\" id=\"image_891439946\">\n\t\t\t\t\t\t\t\t<div class=\"img-inner dark\" >\n\t\t\t<img loading=\"lazy\" decoding=\"async\" width=\"1020\" height=\"765\" src=\"https:\/\/www.dopharma-micronkit.com\/wp-content\/uploads\/2024\/08\/0010-Peli-open_web.png\" class=\"attachment-large size-large\" alt=\"Micron Kit - Open\" srcset=\"https:\/\/www.dopharma-micronkit.com\/wp-content\/uploads\/2024\/08\/0010-Peli-open_web.png 1024w, https:\/\/www.dopharma-micronkit.com\/wp-content\/uploads\/2024\/08\/0010-Peli-open_web-300x225.png 300w, https:\/\/www.dopharma-micronkit.com\/wp-content\/uploads\/2024\/08\/0010-Peli-open_web-768x576.png 768w, https:\/\/www.dopharma-micronkit.com\/wp-content\/uploads\/2024\/08\/0010-Peli-open_web-600x450.png 600w\" sizes=\"auto, (max-width: 1020px) 100vw, 1020px\" \/>\t\t\t\t\t\t\n\t\t\t\t\t<\/div>\n\t\t\t\t\t\t\t\t\n<style>\n#image_891439946 {\n  width: 100%;\n}\n<\/style>\n\t<\/div>\n\t\n\t\t<\/div>\n\t\t\t\t\t<\/div>\n\n\t\n<\/div>\n\t\t<\/div>\n\n\t\t\n<style>\n#section_171145229 {\n  padding-top: 30px;\n  padding-bottom: 30px;\n}\n<\/style>\n\t<\/section>\n\t\n\n\t<section class=\"section\" id=\"section_1176700747\">\n\t\t<div class=\"section-bg fill\" >\n\t\t\t\t\t\t\t\t\t\n\t\t\t\n\n\t\t<\/div>\n\n\t\t\n\n\t\t<div class=\"section-content relative\">\n\t\t\t\n<div class=\"row row-full-width align-middle align-center\"  id=\"row-1016216341\">\n\n\t<div id=\"col-1635086439\" class=\"col medium-5 small-12 large-5\"  >\n\t\t\t\t<div class=\"col-inner text-center\"  >\n\t\t\t\n\t\t\t\n<h2 style=\"text-align: center;\">Demandez votre d\u00e9mo maintenant !<\/h2>\n<p style=\"text-align: center;\">De la pr\u00e9paration de l'\u00e9chantillon \u00e0 l'analyse, la r\u00e9alisation d'une coproscopie avec le Micron Kit est simple. Notre technologie de pointe utilise l\u2019Intelligence Artificielle pour g\u00e9n\u00e9rer des r\u00e9sultats pr\u00e9cis, que vous recevez directement sur votre smartphone (lorsqu'il est connect\u00e9 \u00e0 Internet).<\/p>\n\t\t<\/div>\n\t\t\t\t\t<\/div>\n\n\t\n<\/div>\n<div class=\"row\"  id=\"row-885677002\">\n\n\t<div id=\"col-1601407202\" class=\"col medium-3 small-6 large-3\"  >\n\t\t\t\t<div class=\"col-inner\"  >\n\t\t\t\n\t\t\t\n\t<div id=\"text-1125026667\" class=\"text\">\n\t\t\n<h3 style=\"text-align: center;\"><span style=\"font-size: 180%;\"><strong>01<\/strong><\/span><\/h3>\n\t\t\n<style>\n#text-1125026667 {\n  color: #00a395;\n}\n#text-1125026667 > * {\n  color: #00a395;\n}\n<\/style>\n\t<\/div>\n\t\n\t<div id=\"text-1320108740\" class=\"text\">\n\t\t\n<p>Collectez un \u00e9chantillon f\u00e9cal.<\/p>\n\t\t\n<style>\n#text-1320108740 {\n  text-align: center;\n}\n<\/style>\n\t<\/div>\n\t\n\t\t<\/div>\n\t\t\t\t\t<\/div>\n\n\t\n\n\t<div id=\"col-862792871\" class=\"col medium-3 small-6 large-3\"  >\n\t\t\t\t<div class=\"col-inner\"  >\n\t\t\t\n\t\t\t\n\t<div id=\"text-3763653165\" class=\"text\">\n\t\t\n<h3 style=\"text-align: center;\"><span style=\"font-size: 180%;\"><strong>02<\/strong><\/span><\/h3>\n\t\t\n<style>\n#text-3763653165 {\n  color: #00a395;\n}\n#text-3763653165 > * {\n  color: #00a395;\n}\n<\/style>\n\t<\/div>\n\t\n\t<div id=\"text-3098483949\" class=\"text\">\n\t\t\n<p>En suivant des instructions simples, pr\u00e9parez l'\u00e9chantillon pour l\u2019analyse en seulement         5 minutes.<\/p>\n\t\t\n<style>\n#text-3098483949 {\n  text-align: center;\n}\n<\/style>\n\t<\/div>\n\t\n\t\t<\/div>\n\t\t\t\t\t<\/div>\n\n\t\n\n\t<div id=\"col-183525599\" class=\"col medium-3 small-6 large-3\"  >\n\t\t\t\t<div class=\"col-inner\"  >\n\t\t\t\n\t\t\t\n\t<div id=\"text-2877599050\" class=\"text\">\n\t\t\n<h3 style=\"text-align: center;\"><span style=\"font-size: 180%;\"><strong>03<\/strong><\/span><\/h3>\n\t\t\n<style>\n#text-2877599050 {\n  color: #00a395;\n}\n#text-2877599050 > * {\n  color: #00a395;\n}\n<\/style>\n\t<\/div>\n\t\n\t<div id=\"text-1372856756\" class=\"text\">\n\t\t\n<p>Ins\u00e9rez l'\u00e9chantillon dans le lecteur. Votre t\u00e9l\u00e9phone scannera la lame pour d\u00e9tecter oocystes de coccidies et \u0153ufs de strongles, de paramphistomes et de grandes douves du foie.<\/p>\n\t\t\n<style>\n#text-1372856756 {\n  text-align: center;\n}\n<\/style>\n\t<\/div>\n\t\n\t\t<\/div>\n\t\t\t\t\t<\/div>\n\n\t\n\n\t<div id=\"col-1238086292\" class=\"col medium-3 small-6 large-3\"  >\n\t\t\t\t<div class=\"col-inner\"  >\n\t\t\t\n\t\t\t\n\t<div id=\"text-3540537970\" class=\"text\">\n\t\t\n<h3 style=\"text-align: center;\"><span style=\"font-size: 180%;\"><strong>04<br \/>\n<\/strong><\/span><\/h3>\n\t\t\n<style>\n#text-3540537970 {\n  color: #00a395;\n}\n#text-3540537970 > * {\n  color: #00a395;\n}\n<\/style>\n\t<\/div>\n\t\n\t<div id=\"text-1845920250\" class=\"text\">\n\t\t\n<p>En moins de 30 minutes (en moyenne), vous recevrez un rapport PDF complet avec les r\u00e9sultats. Le rapport est personnalisable et peut comporter le logo et les informations de votre entreprise.<\/p>\n\t\t\n<style>\n#text-1845920250 {\n  text-align: center;\n}\n<\/style>\n\t<\/div>\n\t\n\t\t<\/div>\n\t\t\t\t\t<\/div>\n\n\t\n<\/div>\n\t\t<\/div>\n\n\t\t\n<style>\n#section_1176700747 {\n  padding-top: 30px;\n  padding-bottom: 30px;\n  background-color: rgb(255,255,255);\n}\n<\/style>\n\t<\/section>\n\t\n\n\t<section class=\"section\" id=\"section_1868732900\">\n\t\t<div class=\"section-bg fill\" >\n\t\t\t\t\t\t\t\t\t\n\t\t\t\n\n\t\t<\/div>\n\n\t\t\n\n\t\t<div class=\"section-content relative\">\n\t\t\t\n<div class=\"row row-full-width align-middle align-center\"  id=\"row-633901882\">\n\n\t<div id=\"col-1174991380\" class=\"col medium-5 small-12 large-5\"  >\n\t\t\t\t<div class=\"col-inner text-center\"  >\n\t\t\t\n\t\t\t\n<h2 class=\"vcex-heading vcex-module wpex-text-2xl wpex-font-normal wpex-m-auto wpex-max-w-100 vcex-heading-plain wpex-block wpex-mb-20 wpex-text-center vcex_66743db6db2ff elements33\" style=\"text-align: center;\">Que contient le kit ?<\/h2>\n<p style=\"text-align: center;\">Votre Micron Kit inclut tout ce dont vous avez besoin pour r\u00e9aliser rapidement des d\u00e9pistages de strongles gastro-intestinaux et coccidies sur f\u00e8ces animales. L\u2019extension Fluke+ permet le d\u00e9pistage des \u0153ufs de paramphistomes et de grandes douves du foie. Tous les \u00e9l\u00e9ments sont \u00e9galement disponibles s\u00e9par\u00e9ment.<\/p>\n\t\t<\/div>\n\t\t\t\t\t<\/div>\n\n\t\n<\/div>\n\t\t<\/div>\n\n\t\t\n<style>\n#section_1868732900 {\n  padding-top: 30px;\n  padding-bottom: 30px;\n}\n<\/style>\n\t<\/section>\n\t\n<div class=\"slider-wrapper relative\" id=\"slider-1529026012\" >\n    <div class=\"slider slider-nav-simple slider-nav-normal slider-nav-dark slider-style-normal slider-show-nav\"\n        data-flickity-options='{            \"cellAlign\": \"center\",            \"imagesLoaded\": true,            \"lazyLoad\": 1,            \"freeScroll\": false,            \"wrapAround\": true,            \"autoPlay\": 6000,            \"pauseAutoPlayOnHover\" : true,            \"prevNextButtons\": true,            \"contain\" : true,            \"adaptiveHeight\" : true,            \"dragThreshold\" : 10,            \"percentPosition\": true,            \"pageDots\": false,            \"rightToLeft\": false,            \"draggable\": true,            \"selectedAttraction\": 0.1,            \"parallax\" : 0,            \"friction\": 0.6        }'\n        >\n        \n<div class=\"row\"  id=\"row-452236161\">\n\n\t<div id=\"col-1414837427\" class=\"col medium-3 small-12 large-3\"  >\n\t\t\t\t<div class=\"col-inner text-center\" style=\"background-color:rgb(255,255,255);\" >\n\t\t\t\n\t\t\t\n\n\t\t<div class=\"icon-box featured-box icon-box-top text-left\"  >\n\t\t\t\t\t<div class=\"icon-box-img\" style=\"width: 60px\">\n\t\t\t\t<div class=\"icon\">\n\t\t\t\t\t<div class=\"icon-inner\" >\n\t\t\t\t\t\t<img loading=\"lazy\" decoding=\"async\" width=\"1\" height=\"1\" src=\"https:\/\/www.dopharma-micronkit.com\/wp-content\/uploads\/2024\/08\/MA_Microtube.svg\" class=\"attachment-medium size-medium\" alt=\"\" \/>\t\t\t\t\t<\/div>\n\t\t\t\t<\/div>\n\t\t\t<\/div>\n\t\t\t\t<div class=\"icon-box-text last-reset\">\n\t\t\t\t\t\t\t\t\t\n\t<div id=\"text-2790878629\" class=\"text\">\n\t\t\n<h3>Microtubes<\/h3>\n\t\t\n<style>\n#text-2790878629 {\n  text-align: center;\n}\n<\/style>\n\t<\/div>\n\t\n\t\t<\/div>\n\t<\/div>\n\t\n\t\n\t\t<\/div>\n\t\t\t\t\n<style>\n#col-1414837427 > .col-inner {\n  padding: 20px 20px 20px 20px;\n  border-radius: 19px;\n}\n<\/style>\n\t<\/div>\n\n\t\n\n\t<div id=\"col-1822828584\" class=\"col medium-3 small-12 large-3\"  >\n\t\t\t\t<div class=\"col-inner text-center\" style=\"background-color:rgb(255,255,255);\" >\n\t\t\t\n\t\t\t\n\n\t\t<div class=\"icon-box featured-box icon-box-top text-left\"  >\n\t\t\t\t\t<div class=\"icon-box-img\" style=\"width: 60px\">\n\t\t\t\t<div class=\"icon\">\n\t\t\t\t\t<div class=\"icon-inner\" >\n\t\t\t\t\t\t<img loading=\"lazy\" decoding=\"async\" width=\"1\" height=\"1\" src=\"https:\/\/www.dopharma-micronkit.com\/wp-content\/uploads\/2024\/08\/MA_Syringe.svg\" class=\"attachment-medium size-medium\" alt=\"\" \/>\t\t\t\t\t<\/div>\n\t\t\t\t<\/div>\n\t\t\t<\/div>\n\t\t\t\t<div class=\"icon-box-text last-reset\">\n\t\t\t\t\t\t\t\t\t\n\t<div id=\"text-1629758593\" class=\"text\">\n\t\t\n<h3>Seringues<\/h3>\n\t\t\n<style>\n#text-1629758593 {\n  text-align: center;\n}\n<\/style>\n\t<\/div>\n\t\n\t\t<\/div>\n\t<\/div>\n\t\n\t\n\t\t<\/div>\n\t\t\t\t\n<style>\n#col-1822828584 > .col-inner {\n  padding: 20px 20px 20px 20px;\n  border-radius: 19px;\n}\n<\/style>\n\t<\/div>\n\n\t\n\n\t<div id=\"col-1700361333\" class=\"col medium-3 small-12 large-3\"  >\n\t\t\t\t<div class=\"col-inner text-center\" style=\"background-color:rgb(255,255,255);\" >\n\t\t\t\n\t\t\t\n\n\t\t<div class=\"icon-box featured-box icon-box-top text-left\"  >\n\t\t\t\t\t<div class=\"icon-box-img\" style=\"width: 60px\">\n\t\t\t\t<div class=\"icon\">\n\t\t\t\t\t<div class=\"icon-inner\" >\n\t\t\t\t\t\t<img loading=\"lazy\" decoding=\"async\" width=\"1\" height=\"1\" src=\"https:\/\/www.dopharma-micronkit.com\/wp-content\/uploads\/2024\/08\/MA_Centrifuge.svg\" class=\"attachment-medium size-medium\" alt=\"\" \/>\t\t\t\t\t<\/div>\n\t\t\t\t<\/div>\n\t\t\t<\/div>\n\t\t\t\t<div class=\"icon-box-text last-reset\">\n\t\t\t\t\t\t\t\t\t\n\t<div id=\"text-2801248998\" class=\"text\">\n\t\t\n<h3>Centrifugeuse manuelle<\/h3>\n\t\t\n<style>\n#text-2801248998 {\n  text-align: center;\n}\n<\/style>\n\t<\/div>\n\t\n\t\t<\/div>\n\t<\/div>\n\t\n\t\n\t\t<\/div>\n\t\t\t\t\n<style>\n#col-1700361333 > .col-inner {\n  padding: 20px 20px 20px 20px;\n  border-radius: 19px;\n}\n<\/style>\n\t<\/div>\n\n\t\n\n\t<div id=\"col-368997807\" class=\"col medium-3 small-12 large-3\"  >\n\t\t\t\t<div class=\"col-inner text-center\" style=\"background-color:rgb(255,255,255);\" >\n\t\t\t\n\t\t\t\n\n\t\t<div class=\"icon-box featured-box icon-box-top text-left\"  >\n\t\t\t\t\t<div class=\"icon-box-img\" style=\"width: 60px\">\n\t\t\t\t<div class=\"icon\">\n\t\t\t\t\t<div class=\"icon-inner\" >\n\t\t\t\t\t\t<img loading=\"lazy\" decoding=\"async\" width=\"1\" height=\"1\" src=\"https:\/\/www.dopharma-micronkit.com\/wp-content\/uploads\/2024\/08\/MA_Container.svg\" class=\"attachment-medium size-medium\" alt=\"\" \/>\t\t\t\t\t<\/div>\n\t\t\t\t<\/div>\n\t\t\t<\/div>\n\t\t\t\t<div class=\"icon-box-text last-reset\">\n\t\t\t\t\t\t\t\t\t\n\t<div id=\"text-1688961059\" class=\"text\">\n\t\t\n<h3>Container<\/h3>\n\t\t\n<style>\n#text-1688961059 {\n  text-align: center;\n}\n<\/style>\n\t<\/div>\n\t\n\t\t<\/div>\n\t<\/div>\n\t\n\t\n\t\t<\/div>\n\t\t\t\t\n<style>\n#col-368997807 > .col-inner {\n  padding: 20px 20px 20px 20px;\n  border-radius: 19px;\n}\n<\/style>\n\t<\/div>\n\n\t\n<\/div>\n<div class=\"row\"  id=\"row-631556638\">\n\n\t<div id=\"col-874957538\" class=\"col medium-3 small-12 large-3\"  >\n\t\t\t\t<div class=\"col-inner text-center\" style=\"background-color:rgb(255,255,255);\" >\n\t\t\t\n\t\t\t\n\n\t\t<div class=\"icon-box featured-box icon-box-top text-left\"  >\n\t\t\t\t\t<div class=\"icon-box-img\" style=\"width: 60px\">\n\t\t\t\t<div class=\"icon\">\n\t\t\t\t\t<div class=\"icon-inner\" >\n\t\t\t\t\t\t<img loading=\"lazy\" decoding=\"async\" width=\"1\" height=\"1\" src=\"https:\/\/www.dopharma-micronkit.com\/wp-content\/uploads\/2024\/08\/MA_Reader.svg\" class=\"attachment-medium size-medium\" alt=\"\" \/>\t\t\t\t\t<\/div>\n\t\t\t\t<\/div>\n\t\t\t<\/div>\n\t\t\t\t<div class=\"icon-box-text last-reset\">\n\t\t\t\t\t\t\t\t\t\n\t<div id=\"text-1580566356\" class=\"text\">\n\t\t\n<h3>Lecteur Micron<\/h3>\n\t\t\n<style>\n#text-1580566356 {\n  text-align: center;\n}\n<\/style>\n\t<\/div>\n\t\n\t\t<\/div>\n\t<\/div>\n\t\n\t\n\t\t<\/div>\n\t\t\t\t\n<style>\n#col-874957538 > .col-inner {\n  padding: 20px 20px 20px 20px;\n  border-radius: 19px;\n}\n<\/style>\n\t<\/div>\n\n\t\n\n\t<div id=\"col-1971609784\" class=\"col medium-3 small-12 large-3\"  >\n\t\t\t\t<div class=\"col-inner text-center\" style=\"background-color:rgb(255,255,255);\" >\n\t\t\t\n\t\t\t\n\n\t\t<div class=\"icon-box featured-box icon-box-top text-left\"  >\n\t\t\t\t\t<div class=\"icon-box-img\" style=\"width: 60px\">\n\t\t\t\t<div class=\"icon\">\n\t\t\t\t\t<div class=\"icon-inner\" >\n\t\t\t\t\t\t<img loading=\"lazy\" decoding=\"async\" width=\"1\" height=\"1\" src=\"https:\/\/www.dopharma-micronkit.com\/wp-content\/uploads\/2024\/08\/MA_Slide.svg\" class=\"attachment-medium size-medium\" alt=\"\" \/>\t\t\t\t\t<\/div>\n\t\t\t\t<\/div>\n\t\t\t<\/div>\n\t\t\t\t<div class=\"icon-box-text last-reset\">\n\t\t\t\t\t\t\t\t\t\n\t<div id=\"text-3776864437\" class=\"text\">\n\t\t\n<h3>Slide<\/h3>\n\t\t\n<style>\n#text-3776864437 {\n  text-align: center;\n}\n<\/style>\n\t<\/div>\n\t\n\t\t<\/div>\n\t<\/div>\n\t\n\t\n\t\t<\/div>\n\t\t\t\t\n<style>\n#col-1971609784 > .col-inner {\n  padding: 20px 20px 20px 20px;\n  border-radius: 19px;\n}\n<\/style>\n\t<\/div>\n\n\t\n<\/div>\n     <\/div>\n\n     <div class=\"loading-spin dark large centered\"><\/div>\n\n\t<\/div>\n\n\n\n\t<section class=\"section\" id=\"section_2044707888\">\n\t\t<div class=\"section-bg fill\" >\n\t\t\t\t\t\t\t\t\t\n\t\t\t\n\n\t\t<\/div>\n\n\t\t\n\n\t\t<div class=\"section-content relative\">\n\t\t\t\n<div class=\"row row-full-width align-middle align-center\"  id=\"row-1221240396\">\n\n\t<div id=\"col-1918797948\" class=\"col medium-5 small-12 large-5\"  >\n\t\t\t\t<div class=\"col-inner text-center\"  >\n\t\t\t\n\t\t\t\n<h2 class=\"vcex-heading vcex-module wpex-text-2xl wpex-font-normal wpex-m-auto wpex-max-w-100 vcex-heading-plain wpex-block wpex-mb-20 wpex-text-center vcex_66743ee68728c elements35\" style=\"text-align: center;\"><span class=\"vcex-heading-inner wpex-inline-block wpex-clr\">Le Micron Kit en pratique<\/span><\/h2>\n<p style=\"text-align: center;\">Voyez comment les v\u00e9t\u00e9rinaires utilisent le Micron Kit pour fournir des conseils sur le parasitisme aux \u00e9leveurs.<\/p>\n\t\t<\/div>\n\t\t\t\t\t<\/div>\n\n\t\n\n\t<div id=\"col-514982910\" class=\"col medium-8 small-12 large-8\"  >\n\t\t\t\t<div class=\"col-inner text-center\"  >\n\t\t\t\n\t\t\t\n<div class=\"video video-fit mb\" style=\"padding-top:56.25%;\"><p><iframe loading=\"lazy\" title=\"Running a GI Worm FEC with Micron Kit | Instructions\" width=\"1020\" height=\"574\" src=\"https:\/\/www.youtube.com\/embed\/v7rZ7leag4g?feature=oembed\" frameborder=\"0\" allow=\"accelerometer; autoplay; clipboard-write; encrypted-media; gyroscope; picture-in-picture; web-share\" referrerpolicy=\"strict-origin-when-cross-origin\" allowfullscreen><\/iframe><\/p>\n<\/div>\n\t\t<\/div>\n\t\t\t\t\t<\/div>\n\n\t\n<\/div>\n\t\t<\/div>\n\n\t\t\n<style>\n#section_2044707888 {\n  padding-top: 30px;\n  padding-bottom: 30px;\n  background-color: rgb(255,255,255);\n}\n<\/style>\n\t<\/section>\n\t\n\n\t<section class=\"section\" id=\"section_1120666126\">\n\t\t<div class=\"section-bg fill\" >\n\t\t\t\t\t\t\t\t\t\n\t\t\t\n\n\t\t<\/div>\n\n\t\t\n\n\t\t<div class=\"section-content relative\">\n\t\t\t\r\n\r\n<div class=\"row align-middle\"  id=\"row-275619116\">\r\n\r\n\n\t<div id=\"col-1098402347\" class=\"col small-12 large-12\"  >\n\t\t\t\t<div class=\"col-inner text-center\"  >\n\t\t\t\n\t\t\t\r\n\r\n\t<div id=\"text-591661494\" class=\"text\">\n\t\t\r\n\r\n<h2 style=\"text-align: center;\">D\u00e9buter avec le Micron Kit<\/h2>\r\n<p style=\"text-align: center;\">Le Micron Kit est une solution mobile et facile \u00e0 utiliser, aussi bien en laboratoire que sur le terrain.<\/p>\r\n\t\t\n<style>\n#text-591661494 {\n  color: rgb(255, 255, 255);\n}\n#text-591661494 > * {\n  color: rgb(255, 255, 255);\n}\n<\/style>\n\t<\/div>\n\t\r\n<a href=\"https:\/\/www.dopharma-micronkit.com\/fr\/online-bestellen\/\" class=\"button primary lowercase\" >\n\t\t<span>Commandez le kit<\/span>\n\t<\/a>\n\r\n\r\n\r\n\t\t<\/div>\n\t\t\t\t\n<style>\n#col-1098402347 > .col-inner {\n  padding: 50px 0px 20px 0px;\n}\n<\/style>\n\t<\/div>\n\n\t\r\n\r\n<\/div>\r\n\r\n\t\t<\/div>\n\n\t\t\n<style>\n#section_1120666126 {\n  padding-top: 30px;\n  padding-bottom: 30px;\n  background-color: #00a395;\n}\n<\/style>\n\t<\/section>","protected":false},"excerpt":{"rendered":"","protected":false},"author":1,"featured_media":0,"parent":0,"menu_order":0,"comment_status":"closed","ping_status":"closed","template":"page-blank.php","meta":{"footnotes":""},"class_list":["post-27","page","type-page","status-publish","hentry"],"yoast_head":"<!-- This site is optimized with the Yoast SEO plugin v27.3 - https:\/\/yoast.com\/product\/yoast-seo-wordpress\/ -->\n<title>Micron Kit - Dopharma Micron Kit<\/title>\n<meta name=\"robots\" content=\"index, follow, max-snippet:-1, max-image-preview:large, max-video-preview:-1\" \/>\n<link rel=\"canonical\" href=\"https:\/\/www.dopharma-micronkit.com\/fr\/micron-kit\/\" \/>\n<meta property=\"og:locale\" content=\"fr_FR\" \/>\n<meta property=\"og:type\" content=\"article\" \/>\n<meta property=\"og:title\" content=\"Micron Kit - Dopharma Micron Kit\" \/>\n<meta property=\"og:url\" content=\"https:\/\/www.dopharma-micronkit.com\/fr\/micron-kit\/\" \/>\n<meta property=\"og:site_name\" content=\"Dopharma Micron Kit\" \/>\n<meta property=\"article:modified_time\" content=\"2025-12-17T09:38:40+00:00\" \/>\n<meta name=\"twitter:card\" content=\"summary_large_image\" \/>\n<meta name=\"twitter:label1\" content=\"Dur\u00e9e de lecture estim\u00e9e\" \/>\n\t<meta name=\"twitter:data1\" content=\"3 minutes\" \/>\n<script type=\"application\/ld+json\" class=\"yoast-schema-graph\">{\"@context\":\"https:\\\/\\\/schema.org\",\"@graph\":[{\"@type\":\"WebPage\",\"@id\":\"https:\\\/\\\/www.dopharma-micronkit.com\\\/micron-kit\\\/\",\"url\":\"https:\\\/\\\/www.dopharma-micronkit.com\\\/micron-kit\\\/\",\"name\":\"Micron Kit - Dopharma Micron Kit\",\"isPartOf\":{\"@id\":\"https:\\\/\\\/www.dopharma-micronkit.com\\\/en\\\/#website\"},\"datePublished\":\"2024-08-01T12:02:38+00:00\",\"dateModified\":\"2025-12-17T09:38:40+00:00\",\"breadcrumb\":{\"@id\":\"https:\\\/\\\/www.dopharma-micronkit.com\\\/micron-kit\\\/#breadcrumb\"},\"inLanguage\":\"fr-FR\",\"potentialAction\":[{\"@type\":\"ReadAction\",\"target\":[\"https:\\\/\\\/www.dopharma-micronkit.com\\\/micron-kit\\\/\"]}]},{\"@type\":\"BreadcrumbList\",\"@id\":\"https:\\\/\\\/www.dopharma-micronkit.com\\\/micron-kit\\\/#breadcrumb\",\"itemListElement\":[{\"@type\":\"ListItem\",\"position\":1,\"name\":\"Home\",\"item\":\"https:\\\/\\\/www.dopharma-micronkit.com\\\/\"},{\"@type\":\"ListItem\",\"position\":2,\"name\":\"Micron Kit\"}]},{\"@type\":\"WebSite\",\"@id\":\"https:\\\/\\\/www.dopharma-micronkit.com\\\/en\\\/#website\",\"url\":\"https:\\\/\\\/www.dopharma-micronkit.com\\\/en\\\/\",\"name\":\"Dopharma Micron Kit\",\"description\":\"\",\"publisher\":{\"@id\":\"https:\\\/\\\/www.dopharma-micronkit.com\\\/en\\\/#organization\"},\"alternateName\":\"Micron Kit\",\"potentialAction\":[{\"@type\":\"SearchAction\",\"target\":{\"@type\":\"EntryPoint\",\"urlTemplate\":\"https:\\\/\\\/www.dopharma-micronkit.com\\\/en\\\/?s={search_term_string}\"},\"query-input\":{\"@type\":\"PropertyValueSpecification\",\"valueRequired\":true,\"valueName\":\"search_term_string\"}}],\"inLanguage\":\"fr-FR\"},{\"@type\":\"Organization\",\"@id\":\"https:\\\/\\\/www.dopharma-micronkit.com\\\/en\\\/#organization\",\"name\":\"Dopharma Micron Kit\",\"url\":\"https:\\\/\\\/www.dopharma-micronkit.com\\\/en\\\/\",\"logo\":{\"@type\":\"ImageObject\",\"inLanguage\":\"fr-FR\",\"@id\":\"https:\\\/\\\/www.dopharma-micronkit.com\\\/en\\\/#\\\/schema\\\/logo\\\/image\\\/\",\"url\":\"https:\\\/\\\/www.dopharma-micronkit.com\\\/wp-content\\\/uploads\\\/2024\\\/08\\\/Dopharma-logo_hor_black_800x600px.png\",\"contentUrl\":\"https:\\\/\\\/www.dopharma-micronkit.com\\\/wp-content\\\/uploads\\\/2024\\\/08\\\/Dopharma-logo_hor_black_800x600px.png\",\"width\":800,\"height\":600,\"caption\":\"Dopharma Micron Kit\"},\"image\":{\"@id\":\"https:\\\/\\\/www.dopharma-micronkit.com\\\/en\\\/#\\\/schema\\\/logo\\\/image\\\/\"}}]}<\/script>\n<!-- \/ Yoast SEO plugin. -->","yoast_head_json":{"title":"Micron Kit - Dopharma Micron Kit","robots":{"index":"index","follow":"follow","max-snippet":"max-snippet:-1","max-image-preview":"max-image-preview:large","max-video-preview":"max-video-preview:-1"},"canonical":"https:\/\/www.dopharma-micronkit.com\/fr\/micron-kit\/","og_locale":"fr_FR","og_type":"article","og_title":"Micron Kit - Dopharma Micron Kit","og_url":"https:\/\/www.dopharma-micronkit.com\/fr\/micron-kit\/","og_site_name":"Dopharma Micron Kit","article_modified_time":"2025-12-17T09:38:40+00:00","twitter_card":"summary_large_image","twitter_misc":{"Dur\u00e9e de lecture estim\u00e9e":"3 minutes"},"schema":{"@context":"https:\/\/schema.org","@graph":[{"@type":"WebPage","@id":"https:\/\/www.dopharma-micronkit.com\/micron-kit\/","url":"https:\/\/www.dopharma-micronkit.com\/micron-kit\/","name":"Micron Kit - Dopharma Micron Kit","isPartOf":{"@id":"https:\/\/www.dopharma-micronkit.com\/en\/#website"},"datePublished":"2024-08-01T12:02:38+00:00","dateModified":"2025-12-17T09:38:40+00:00","breadcrumb":{"@id":"https:\/\/www.dopharma-micronkit.com\/micron-kit\/#breadcrumb"},"inLanguage":"fr-FR","potentialAction":[{"@type":"ReadAction","target":["https:\/\/www.dopharma-micronkit.com\/micron-kit\/"]}]},{"@type":"BreadcrumbList","@id":"https:\/\/www.dopharma-micronkit.com\/micron-kit\/#breadcrumb","itemListElement":[{"@type":"ListItem","position":1,"name":"Home","item":"https:\/\/www.dopharma-micronkit.com\/"},{"@type":"ListItem","position":2,"name":"Micron Kit"}]},{"@type":"WebSite","@id":"https:\/\/www.dopharma-micronkit.com\/en\/#website","url":"https:\/\/www.dopharma-micronkit.com\/en\/","name":"Dopharma Micron Kit","description":"","publisher":{"@id":"https:\/\/www.dopharma-micronkit.com\/en\/#organization"},"alternateName":"Micron Kit","potentialAction":[{"@type":"SearchAction","target":{"@type":"EntryPoint","urlTemplate":"https:\/\/www.dopharma-micronkit.com\/en\/?s={search_term_string}"},"query-input":{"@type":"PropertyValueSpecification","valueRequired":true,"valueName":"search_term_string"}}],"inLanguage":"fr-FR"},{"@type":"Organization","@id":"https:\/\/www.dopharma-micronkit.com\/en\/#organization","name":"Dopharma Micron Kit","url":"https:\/\/www.dopharma-micronkit.com\/en\/","logo":{"@type":"ImageObject","inLanguage":"fr-FR","@id":"https:\/\/www.dopharma-micronkit.com\/en\/#\/schema\/logo\/image\/","url":"https:\/\/www.dopharma-micronkit.com\/wp-content\/uploads\/2024\/08\/Dopharma-logo_hor_black_800x600px.png","contentUrl":"https:\/\/www.dopharma-micronkit.com\/wp-content\/uploads\/2024\/08\/Dopharma-logo_hor_black_800x600px.png","width":800,"height":600,"caption":"Dopharma Micron Kit"},"image":{"@id":"https:\/\/www.dopharma-micronkit.com\/en\/#\/schema\/logo\/image\/"}}]}},"_links":{"self":[{"href":"http:\/\/www.dopharma-micronkit.com\/fr\/wp-json\/wp\/v2\/pages\/27","targetHints":{"allow":["GET"]}}],"collection":[{"href":"http:\/\/www.dopharma-micronkit.com\/fr\/wp-json\/wp\/v2\/pages"}],"about":[{"href":"http:\/\/www.dopharma-micronkit.com\/fr\/wp-json\/wp\/v2\/types\/page"}],"author":[{"embeddable":true,"href":"http:\/\/www.dopharma-micronkit.com\/fr\/wp-json\/wp\/v2\/users\/1"}],"replies":[{"embeddable":true,"href":"http:\/\/www.dopharma-micronkit.com\/fr\/wp-json\/wp\/v2\/comments?post=27"}],"version-history":[{"count":40,"href":"http:\/\/www.dopharma-micronkit.com\/fr\/wp-json\/wp\/v2\/pages\/27\/revisions"}],"predecessor-version":[{"id":711,"href":"http:\/\/www.dopharma-micronkit.com\/fr\/wp-json\/wp\/v2\/pages\/27\/revisions\/711"}],"wp:attachment":[{"href":"http:\/\/www.dopharma-micronkit.com\/fr\/wp-json\/wp\/v2\/media?parent=27"}],"curies":[{"name":"wp","href":"https:\/\/api.w.org\/{rel}","templated":true}]}}